{"id":617,"date":"2018-10-26T16:10:50","date_gmt":"2018-10-26T16:10:50","guid":{"rendered":"https:\/\/villa-pag.com\/?page_id=617"},"modified":"2018-11-13T13:55:56","modified_gmt":"2018-11-13T13:55:56","slug":"zimmer","status":"publish","type":"page","link":"https:\/\/villa-pag.com\/hr\/zimmer\/","title":{"rendered":"Sobe"},"content":{"rendered":"<p>Villa Pag je ima \u010detiri luksuzno opremljene spava\u0107e sobe i tri kupaonice, te veliku prima\u0107u sobu sa ko\u017enom kutnom garniturom na razvla\u010denje s mogu\u0107no\u0161\u0107u spavanja.<\/p>","protected":false},"excerpt":{"rendered":"<p>Villa Pag je ima \u010detiri luksuzno opremljene spava\u0107e sobe i tri kupaonice, te veliku prima\u0107u sobu sa ko\u017enom kutnom garniturom na razvla\u010denje s mogu\u0107no\u0161\u0107u spavanja.<\/p>\n","protected":false},"author":1,"featured_media":0,"parent":0,"menu_order":0,"comment_status":"closed","ping_status":"closed","template":"page-templates\/template-sidebar.php","meta":{"footnotes":""},"_links":{"self":[{"href":"https:\/\/villa-pag.com\/hr\/wp-json\/wp\/v2\/pages\/617"}],"collection":[{"href":"https:\/\/villa-pag.com\/hr\/wp-json\/wp\/v2\/pages"}],"about":[{"href":"https:\/\/villa-pag.com\/hr\/wp-json\/wp\/v2\/types\/page"}],"author":[{"embeddable":true,"href":"https:\/\/villa-pag.com\/hr\/wp-json\/wp\/v2\/users\/1"}],"replies":[{"embeddable":true,"href":"https:\/\/villa-pag.com\/hr\/wp-json\/wp\/v2\/comments?post=617"}],"version-history":[{"count":2,"href":"https:\/\/villa-pag.com\/hr\/wp-json\/wp\/v2\/pages\/617\/revisions"}],"predecessor-version":[{"id":769,"href":"https:\/\/villa-pag.com\/hr\/wp-json\/wp\/v2\/pages\/617\/revisions\/769"}],"wp:attachment":[{"href":"https:\/\/villa-pag.com\/hr\/wp-json\/wp\/v2\/media?parent=617"}],"curies":[{"name":"wp","href":"https:\/\/api.w.org\/{rel}","templated":true}]}}