{"id":57,"date":"2016-02-15T22:16:58","date_gmt":"2016-02-15T22:16:58","guid":{"rendered":"http:\/\/villa-pag.com\/?page_id=57"},"modified":"2018-10-09T10:44:31","modified_gmt":"2018-10-09T10:44:31","slug":"party-strand-zrce","status":"publish","type":"page","link":"https:\/\/villa-pag.com\/hr\/party-strand-zrce\/","title":{"rendered":"Party-pla\u017ea Zr\u0107e"},"content":{"rendered":"<p><style id=\"bwg-style-2\">    #bwg_container1_2 #bwg_container2_2 .bwg-container-2.bwg-standard-thumbnails {      width: 904px;              justify-content: center;        margin:0 auto !important;              background-color: rgba(255, 255, 255, 0.00);            padding-left: 4px;      padding-top: 4px;      max-width: 100%;            }        #bwg_container1_2 #bwg_container2_2 .bwg-container-2.bwg-standard-thumbnails .bwg-item {    justify-content: flex-start;      max-width: 180px;            width: 180px !important;          }    #bwg_container1_2 #bwg_container2_2 .bwg-container-2.bwg-standard-thumbnails .bwg-item a {       margin-right: 4px;       margin-bottom: 4px;    }    #bwg_container1_2 #bwg_container2_2 .bwg-container-2.bwg-standard-thumbnails .bwg-item0 {      padding: 0px;            background-color:rgba(255,255,255, 0.30);      border: 0px none #CCCCCC;      opacity: 1.00;      border-radius: 0;      box-shadow: 0px 0px 0px #888888;    }    #bwg_container1_2 #bwg_container2_2 .bwg-container-2.bwg-standard-thumbnails .bwg-item1 img {      max-height: none;      max-width: none;      padding: 0 !important;    }        @media only screen and (min-width: 480px) {      #bwg_container1_2 #bwg_container2_2 .bwg-container-2.bwg-standard-thumbnails .bwg-item0 {        transition: all 0.3s ease 0s;-webkit-transition: all 0.3s ease 0s;      }      #bwg_container1_2 #bwg_container2_2 .bwg-container-2.bwg-standard-thumbnails .bwg-item0:hover {        -ms-transform: scale(1.1);        -webkit-transform: scale(1.1);        transform: scale(1.1);      }    }          #bwg_container1_2 #bwg_container2_2 .bwg-container-2.bwg-standard-thumbnails .bwg-item1 {      padding-top: 50%;    }        #bwg_container1_2 #bwg_container2_2 .bwg-container-2.bwg-standard-thumbnails .bwg-title2,    #bwg_container1_2 #bwg_container2_2 .bwg-container-2.bwg-standard-thumbnails .bwg-ecommerce2 {      color: #CCCCCC;      font-family: segoe ui;      font-size: 16px;      font-weight: bold;      padding: 2px;      text-shadow: 0px 0px 0px #888888;      max-height: 100%;    }    #bwg_container1_2 #bwg_container2_2 .bwg-container-2.bwg-standard-thumbnails .bwg-thumb-description span {    color: #323A45;    font-family: Ubuntu;    font-size: 12px;    max-height: 100%;    word-wrap: break-word;    }    #bwg_container1_2 #bwg_container2_2 .bwg-container-2.bwg-standard-thumbnails .bwg-play-icon2 {      font-size: 32px;    }    #bwg_container1_2 #bwg_container2_2 .bwg-container-2.bwg-standard-thumbnails .bwg-ecommerce2 {      font-size: 19.2px;      color: #CCCCCC;    }    <\/style>    <div id=\"bwg_container1_2\"         class=\"bwg_container bwg_thumbnail bwg_thumbnails \"         data-right-click-protection=\"1\"         data-bwg=\"2\"         data-scroll=\"0\"         data-gallery-type=\"thumbnails\"         data-gallery-view-type=\"thumbnails\"         data-current-url=\"\/hr\/wp-json\/wp\/v2\/pages\/57\"         data-lightbox-url=\"https:\/\/villa-pag.com\/wp-admin\/admin-ajax.php?action=GalleryBox&#038;current_view=2&#038;gallery_id=5&#038;tag=0&#038;theme_id=1&#038;shortcode_id=17&#038;sort_by=order&#038;order_by=asc&#038;current_url=%2Fhr%2Fwp-json%2Fwp%2Fv2%2Fpages%2F57\"         data-gallery-id=\"5\"         data-popup-width=\"800\"         data-popup-height=\"500\"         data-is-album=\"gallery\"         data-buttons-position=\"bottom\">      <div id=\"bwg_container2_2\">             <div id=\"ajax_loading_2\" class=\"bwg_loading_div_1\">      <div class=\"bwg_loading_div_2\">        <div class=\"bwg_loading_div_3\">          <div id=\"loading_div_2\" class=\"bwg_spider_ajax_loading\">          <\/div>        <\/div>      <\/div>    <\/div>            <form id=\"gal_front_form_2\"              class=\"bwg-hidden\"              method=\"post\"              action=\"#\"              data-current=\"2\"              data-shortcode-id=\"17\"              data-gallery-type=\"thumbnails\"              data-gallery-id=\"5\"              data-tag=\"0\"              data-album-id=\"0\"              data-theme-id=\"1\"              data-ajax-url=\"https:\/\/villa-pag.com\/wp-admin\/admin-ajax.php?action=bwg_frontend_data\">          <div id=\"bwg_container3_2\" class=\"bwg-background bwg-background-2\">                <div data-max-count=\"5\"         data-thumbnail-width=\"180\"         data-bwg=\"2\"         data-gallery-id=\"5\"         data-lightbox-url=\"https:\/\/villa-pag.com\/wp-admin\/admin-ajax.php?action=GalleryBox&amp;current_view=2&amp;gallery_id=5&amp;tag=0&amp;theme_id=1&amp;shortcode_id=17&amp;sort_by=order&amp;order_by=asc&amp;current_url=%2Fhr%2Fwp-json%2Fwp%2Fv2%2Fpages%2F57\"         id=\"bwg_thumbnails_2\"         class=\"bwg-container-2 bwg-thumbnails bwg-standard-thumbnails bwg-container bwg-border-box\">            <div class=\"bwg-item\">        <a class=\"bwg-a  bwg_lightbox\"  data-image-id=\"91\" href=\"https:\/\/villa-pag.com\/wp-content\/uploads\/photo-gallery\/beach_zrce.jpg\" data-elementor-open-lightbox=\"no\">                <div class=\"bwg-item0 \">          <div class=\"bwg-item1 \">            <div class=\"bwg-item2\">              <img class=\"skip-lazy bwg_standart_thumb_img_2 \"                   data-id=\"91\"                   data-width=\"\"                   data-height=\"\"                   data-src=\"https:\/\/villa-pag.com\/wp-content\/uploads\/photo-gallery\/thumb\/beach_zrce.jpg\"                   src=\"https:\/\/villa-pag.com\/wp-content\/uploads\/photo-gallery\/thumb\/beach_zrce.jpg\"                   alt=\"Zrce  \"                   title=\"Zrce  \" \/>            <\/div>            <div class=\"\">                                                      <\/div>          <\/div>        <\/div>                        <\/a>              <\/div>            <div class=\"bwg-item\">        <a class=\"bwg-a  bwg_lightbox\"  data-image-id=\"37\" href=\"https:\/\/villa-pag.com\/wp-content\/uploads\/photo-gallery\/Zrce.jpg\" data-elementor-open-lightbox=\"no\">                <div class=\"bwg-item0 \">          <div class=\"bwg-item1 \">            <div class=\"bwg-item2\">              <img class=\"skip-lazy bwg_standart_thumb_img_2 \"                   data-id=\"37\"                   data-width=\"\"                   data-height=\"\"                   data-src=\"https:\/\/villa-pag.com\/wp-content\/uploads\/photo-gallery\/thumb\/Zrce.jpg\"                   src=\"https:\/\/villa-pag.com\/wp-content\/uploads\/photo-gallery\/thumb\/Zrce.jpg\"                   alt=\"Zrce      \"                   title=\"Zrce      \" \/>            <\/div>            <div class=\"\">                                                      <\/div>          <\/div>        <\/div>                        <\/a>              <\/div>            <div class=\"bwg-item\">        <a class=\"bwg-a  bwg_lightbox\"  data-image-id=\"34\" href=\"https:\/\/villa-pag.com\/wp-content\/uploads\/photo-gallery\/pag-zrce-beach.jpg\" data-elementor-open-lightbox=\"no\">                <div class=\"bwg-item0 \">          <div class=\"bwg-item1 \">            <div class=\"bwg-item2\">              <img class=\"skip-lazy bwg_standart_thumb_img_2 \"                   data-id=\"34\"                   data-width=\"\"                   data-height=\"\"                   data-src=\"https:\/\/villa-pag.com\/wp-content\/uploads\/photo-gallery\/thumb\/pag-zrce-beach.jpg\"                   src=\"https:\/\/villa-pag.com\/wp-content\/uploads\/photo-gallery\/thumb\/pag-zrce-beach.jpg\"                   alt=\"Zrce  \"                   title=\"Zrce  \" \/>            <\/div>            <div class=\"\">                                                      <\/div>          <\/div>        <\/div>                        <\/a>              <\/div>            <div class=\"bwg-item\">        <a class=\"bwg-a  bwg_lightbox\"  data-image-id=\"96\" href=\"https:\/\/villa-pag.com\/wp-content\/uploads\/photo-gallery\/Club-Papaya-Zrce-26.jpg\" data-elementor-open-lightbox=\"no\">                <div class=\"bwg-item0 \">          <div class=\"bwg-item1 \">            <div class=\"bwg-item2\">              <img class=\"skip-lazy bwg_standart_thumb_img_2 \"                   data-id=\"96\"                   data-width=\"\"                   data-height=\"\"                   data-src=\"https:\/\/villa-pag.com\/wp-content\/uploads\/photo-gallery\/thumb\/Club-Papaya-Zrce-26.jpg\"                   src=\"https:\/\/villa-pag.com\/wp-content\/uploads\/photo-gallery\/thumb\/Club-Papaya-Zrce-26.jpg\"                   alt=\"Zrce  \"                   title=\"Zrce  \" \/>            <\/div>            <div class=\"\">                                                      <\/div>          <\/div>        <\/div>                        <\/a>              <\/div>            <div class=\"bwg-item\">        <a class=\"bwg-a  bwg_lightbox\"  data-image-id=\"92\" href=\"https:\/\/villa-pag.com\/wp-content\/uploads\/photo-gallery\/cache_2449503202.jpg\" data-elementor-open-lightbox=\"no\">                <div class=\"bwg-item0 \">          <div class=\"bwg-item1 \">            <div class=\"bwg-item2\">              <img class=\"skip-lazy bwg_standart_thumb_img_2 \"                   data-id=\"92\"                   data-width=\"\"                   data-height=\"\"                   data-src=\"https:\/\/villa-pag.com\/wp-content\/uploads\/photo-gallery\/thumb\/cache_2449503202.jpg\"                   src=\"https:\/\/villa-pag.com\/wp-content\/uploads\/photo-gallery\/thumb\/cache_2449503202.jpg\"                   alt=\"Zrce  \"                   title=\"Zrce  \" \/>            <\/div>            <div class=\"\">                                                      <\/div>          <\/div>        <\/div>                        <\/a>              <\/div>            <div class=\"bwg-item\">        <a class=\"bwg-a  bwg_lightbox\"  data-image-id=\"97\" href=\"https:\/\/villa-pag.com\/wp-content\/uploads\/photo-gallery\/Club-Papaya-Zrce-32.jpg\" data-elementor-open-lightbox=\"no\">                <div class=\"bwg-item0 \">          <div class=\"bwg-item1 \">            <div class=\"bwg-item2\">              <img class=\"skip-lazy bwg_standart_thumb_img_2 \"                   data-id=\"97\"                   data-width=\"\"                   data-height=\"\"                   data-src=\"https:\/\/villa-pag.com\/wp-content\/uploads\/photo-gallery\/thumb\/Club-Papaya-Zrce-32.jpg\"                   src=\"https:\/\/villa-pag.com\/wp-content\/uploads\/photo-gallery\/thumb\/Club-Papaya-Zrce-32.jpg\"                   alt=\"Zrce  \"                   title=\"Zrce  \" \/>            <\/div>            <div class=\"\">                                                      <\/div>          <\/div>        <\/div>                        <\/a>              <\/div>            <div class=\"bwg-item\">        <a class=\"bwg-a  bwg_lightbox\"  data-image-id=\"95\" href=\"https:\/\/villa-pag.com\/wp-content\/uploads\/photo-gallery\/Club-Papaya-Zrce-12.jpg\" data-elementor-open-lightbox=\"no\">                <div class=\"bwg-item0 \">          <div class=\"bwg-item1 \">            <div class=\"bwg-item2\">              <img class=\"skip-lazy bwg_standart_thumb_img_2 \"                   data-id=\"95\"                   data-width=\"\"                   data-height=\"\"                   data-src=\"https:\/\/villa-pag.com\/wp-content\/uploads\/photo-gallery\/thumb\/Club-Papaya-Zrce-12.jpg\"                   src=\"https:\/\/villa-pag.com\/wp-content\/uploads\/photo-gallery\/thumb\/Club-Papaya-Zrce-12.jpg\"                   alt=\"Zrce  \"                   title=\"Zrce  \" \/>            <\/div>            <div class=\"\">                                                      <\/div>          <\/div>        <\/div>                        <\/a>              <\/div>            <div class=\"bwg-item\">        <a class=\"bwg-a  bwg_lightbox\"  data-image-id=\"94\" href=\"https:\/\/villa-pag.com\/wp-content\/uploads\/photo-gallery\/Club-Papaya-Zrce-10.jpg\" data-elementor-open-lightbox=\"no\">                <div class=\"bwg-item0 \">          <div class=\"bwg-item1 \">            <div class=\"bwg-item2\">              <img class=\"skip-lazy bwg_standart_thumb_img_2 \"                   data-id=\"94\"                   data-width=\"\"                   data-height=\"\"                   data-src=\"https:\/\/villa-pag.com\/wp-content\/uploads\/photo-gallery\/thumb\/Club-Papaya-Zrce-10.jpg\"                   src=\"https:\/\/villa-pag.com\/wp-content\/uploads\/photo-gallery\/thumb\/Club-Papaya-Zrce-10.jpg\"                   alt=\"Zrce  \"                   title=\"Zrce  \" \/>            <\/div>            <div class=\"\">                                                      <\/div>          <\/div>        <\/div>                        <\/a>              <\/div>            <div class=\"bwg-item\">        <a class=\"bwg-a  bwg_lightbox\"  data-image-id=\"93\" href=\"https:\/\/villa-pag.com\/wp-content\/uploads\/photo-gallery\/Club-Papaya-Zrce-8.jpg\" data-elementor-open-lightbox=\"no\">                <div class=\"bwg-item0 \">          <div class=\"bwg-item1 \">            <div class=\"bwg-item2\">              <img class=\"skip-lazy bwg_standart_thumb_img_2 \"                   data-id=\"93\"                   data-width=\"\"                   data-height=\"\"                   data-src=\"https:\/\/villa-pag.com\/wp-content\/uploads\/photo-gallery\/thumb\/Club-Papaya-Zrce-8.jpg\"                   src=\"https:\/\/villa-pag.com\/wp-content\/uploads\/photo-gallery\/thumb\/Club-Papaya-Zrce-8.jpg\"                   alt=\"Zrce  \"                   title=\"Zrce  \" \/>            <\/div>            <div class=\"\">                                                      <\/div>          <\/div>        <\/div>                        <\/a>              <\/div>          <\/div>    <style>      \/*pagination styles*\/      #bwg_container1_2 #bwg_container2_2 .tablenav-pages_2 {\t\t\t\ttext-align: center;\t\t\t\tfont-size: 12px;\t\t\t\tfont-family: segoe ui;\t\t\t\tfont-weight: bold;\t\t\t\tcolor: #666666;\t\t\t\tmargin: 6px 0 4px;\t\t\t\tdisplay: block;      }      @media only screen and (max-width : 320px) {      #bwg_container1_2 #bwg_container2_2 .displaying-num_2 {     \t display: none;      }      }      #bwg_container1_2 #bwg_container2_2 .displaying-num_2 {\t\t\t\tfont-size: 12px;\t\t\t\tfont-family: segoe ui;\t\t\t\tfont-weight: bold;\t\t\t\tcolor: #666666;\t\t\t\tmargin-right: 10px;\t\t\t\tvertical-align: middle;      }      #bwg_container1_2 #bwg_container2_2 .paging-input_2 {\t\t\t\tfont-size: 12px;\t\t\t\tfont-family: segoe ui;\t\t\t\tfont-weight: bold;\t\t\t\tcolor: #666666;\t\t\t\tvertical-align: middle;      }      #bwg_container1_2 #bwg_container2_2 .tablenav-pages_2 a.disabled,      #bwg_container1_2 #bwg_container2_2 .tablenav-pages_2 a.disabled:hover,      #bwg_container1_2 #bwg_container2_2 .tablenav-pages_2 a.disabled:focus,\t\t\t#bwg_container1_2 #bwg_container2_2 .tablenav-pages_2 input.bwg_current_page {\t\t\t\tcursor: default;\t\t\t\tcolor: rgba(102, 102, 102, 0.5);      }      #bwg_container1_2 #bwg_container2_2 .tablenav-pages_2 a,      #bwg_container1_2 #bwg_container2_2 .tablenav-pages_2 input.bwg_current_page {\t\t\t\tcursor: pointer;\t\t\t\ttext-align: center;\t\t\t\tfont-size: 12px;\t\t\t\tfont-family: segoe ui;\t\t\t\tfont-weight: bold;\t\t\t\tcolor: #666666;\t\t\t\ttext-decoration: none;\t\t\t\tpadding: 3px 6px;\t\t\t\tmargin: 0;\t\t\t\tborder-radius: 0;\t\t\t\tborder-style: solid;\t\t\t\tborder-width: 1px;\t\t\t\tborder-color: #E3E3E3;\t\t\t\t\t\t\t\tbackground-color: rgba(255, 255, 255, 1.00);\t\t\t\tbox-shadow: 0;\t\t\t\ttransition: all 0.3s ease 0s;-webkit-transition: all 0.3s ease 0s;      }      <\/style>      <span class=\"bwg_nav_cont_2\">              <div class=\"tablenav-pages_2\">                  <\/div>                <input type=\"hidden\" id=\"page_number_2\" name=\"page_number_2\" value=\"1\" \/>      <script type=\"text\/javascript\">        if( jQuery('.bwg_nav_cont_2').length > 1 ) {          jQuery('.bwg_nav_cont_2').first().remove()        }        function spider_page_2(cur, x, y, load_more) {          if (typeof load_more == \"undefined\") {            var load_more = false;          }          if (jQuery(cur).hasClass('disabled')) {            return false;          }          var items_county_2 = 1;          switch (y) {            case 1:              if (x >= items_county_2) {                document.getElementById('page_number_2').value = items_county_2;              }              else {                document.getElementById('page_number_2').value = x + 1;              }              break;            case 2:              document.getElementById('page_number_2').value = items_county_2;              break;            case -1:              if (x == 1) {                document.getElementById('page_number_2').value = 1;              }              else {                document.getElementById('page_number_2').value = x - 1;              }              break;            case -2:              document.getElementById('page_number_2').value = 1;              break;\t\t\t\t\t\tcase 0:              document.getElementById('page_number_2').value = x;              break;            default:              document.getElementById('page_number_2').value = 1;          }          bwg_ajax('gal_front_form_2', '2', 'bwg_thumbnails_2', '0', '', 'gallery', 0, '', '', load_more, '', 1);        }                    jQuery('.first-page-2').on('click', function () {              spider_page_2(this, 1, -2, 'numeric');              return false;            });            jQuery('.prev-page-2').on('click', function () {              spider_page_2(this, 1, -1, 'numeric');              return false;            });            jQuery('.next-page-2').on('click', function () {              spider_page_2(this, 1, 1, 'numeric');              return false;            });            jQuery('.last-page-2').on('click', function () {              spider_page_2(this, 1, 2, 'numeric');              return false;            });        \t\t\t\t\/* Change page on input enter. *\/        function bwg_change_page_2( e, that ) {          if (  e.key == 'Enter' ) {            var to_page = parseInt(jQuery(that).val());            var pages_count = jQuery(that).parents(\".pagination-links\").data(\"pages-count\");            var current_url_param = jQuery(that).attr('data-url-info');            if (to_page > pages_count) {              to_page = 1;            }\t \t\t\t\t\t\t\t\t\t\t\t\tspider_page_2(this, to_page, 0, 'numeric');\t\t\t\t\t\t\treturn false;\t\t\t\t\t\t          }          return true;        }        jQuery('.bwg_load_btn_2').on('click', function () {            spider_page_2(this, 1, 1, true);            return false;        });      <\/script>      <\/span>                <\/div>        <\/form>        <style>          #bwg_container1_2 #bwg_container2_2 #spider_popup_overlay_2 {          background-color: #000000;          opacity: 0.70;          }          <\/style>        <div id=\"bwg_spider_popup_loading_2\" class=\"bwg_spider_popup_loading\"><\/div>        <div id=\"spider_popup_overlay_2\" class=\"spider_popup_overlay\" onclick=\"spider_destroypopup(1000)\"><\/div>        <input type=\"hidden\" id=\"bwg_random_seed_2\" value=\"471266207\">                <\/div>    <\/div>    <script>      if (document.readyState === 'complete') {        if( typeof bwg_main_ready == 'function' ) {          if ( jQuery(\"#bwg_container1_2\").height() ) {            bwg_main_ready(jQuery(\"#bwg_container1_2\"));          }        }      } else {        document.addEventListener('DOMContentLoaded', function() {          if( typeof bwg_main_ready == 'function' ) {            if ( jQuery(\"#bwg_container1_2\").height() ) {             bwg_main_ready(jQuery(\"#bwg_container1_2\"));            }          }        });      }    <\/script>    <\/p>\n<p>Pla\u017ea Zr\u0107e nalazi se na zapadnoj strani Pa\u0161ke uvale. Izrazito je zabavnog karaktera za posjetitelje \u017eeljne cjelodnevne zabave. Na pla\u017ei se nalazi nekoliko zabavnih objekata koji tijekom dana rade kao kafi\u0107i, a tijekom no\u0107nih sati se pretvaraju u barove i disko klubove. No\u0107ni \u017eivot je oboga\u0107en gostovanjem raznih pjeva\u010da i DJ-a s doma\u0107e i strane estrade, a specifi\u010dnost mu je \u0161to se zabavni program odvija kroz punih 24 sata.<\/p>\n<p><cite>(Izvor: tzpag.hr)<\/cite><\/p>\n<p><!--[embedyt] http:\/\/www.youtube.com\/embed?listType=playlist&amp;list=UUEjK_J6CetJHhLk9hdnryLQ[\/embedyt]--><\/p>","protected":false},"excerpt":{"rendered":"<p>Pla\u017ea Zr\u0107e nalazi se na zapadnoj strani Pa\u0161ke uvale. Izrazito je zabavnog karaktera za posjetitelje \u017eeljne cjelodnevne zabave. Na pla\u017ei se nalazi nekoliko zabavnih objekata koji tijekom dana rade kao kafi\u0107i, a tijekom no\u0107nih sati se pretvaraju u barove i disko klubove. No\u0107ni \u017eivot je oboga\u0107en gostovanjem raznih pjeva\u010da i DJ-a s doma\u0107e i strane [&hellip;]<\/p>\n","protected":false},"author":1,"featured_media":0,"parent":0,"menu_order":0,"comment_status":"closed","ping_status":"closed","template":"","meta":{"footnotes":""},"_links":{"self":[{"href":"https:\/\/villa-pag.com\/hr\/wp-json\/wp\/v2\/pages\/57"}],"collection":[{"href":"https:\/\/villa-pag.com\/hr\/wp-json\/wp\/v2\/pages"}],"about":[{"href":"https:\/\/villa-pag.com\/hr\/wp-json\/wp\/v2\/types\/page"}],"author":[{"embeddable":true,"href":"https:\/\/villa-pag.com\/hr\/wp-json\/wp\/v2\/users\/1"}],"replies":[{"embeddable":true,"href":"https:\/\/villa-pag.com\/hr\/wp-json\/wp\/v2\/comments?post=57"}],"version-history":[{"count":19,"href":"https:\/\/villa-pag.com\/hr\/wp-json\/wp\/v2\/pages\/57\/revisions"}],"predecessor-version":[{"id":240,"href":"https:\/\/villa-pag.com\/hr\/wp-json\/wp\/v2\/pages\/57\/revisions\/240"}],"wp:attachment":[{"href":"https:\/\/villa-pag.com\/hr\/wp-json\/wp\/v2\/media?parent=57"}],"curies":[{"name":"wp","href":"https:\/\/api.w.org\/{rel}","templated":true}]}}