{"id":51,"date":"2016-02-15T21:55:56","date_gmt":"2016-02-15T21:55:56","guid":{"rendered":"http:\/\/villa-pag.com\/?page_id=51"},"modified":"2018-10-15T16:33:47","modified_gmt":"2018-10-15T16:33:47","slug":"stadt-pag","status":"publish","type":"page","link":"https:\/\/villa-pag.com\/hr\/stadt-pag\/","title":{"rendered":"Grad Pag"},"content":{"rendered":"<p><style id=\"bwg-style-2\">    #bwg_container1_2 #bwg_container2_2 .bwg-container-2.bwg-standard-thumbnails {      width: 1904px;              justify-content: center;        margin:0 auto !important;              background-color: rgba(255, 255, 255, 0.00);            padding-left: 4px;      padding-top: 4px;      max-width: 100%;            }        #bwg_container1_2 #bwg_container2_2 .bwg-container-2.bwg-standard-thumbnails .bwg-item {    justify-content: flex-start;      max-width: 380px;            width: 380px !important;          }    #bwg_container1_2 #bwg_container2_2 .bwg-container-2.bwg-standard-thumbnails .bwg-item a {       margin-right: 4px;       margin-bottom: 4px;    }    #bwg_container1_2 #bwg_container2_2 .bwg-container-2.bwg-standard-thumbnails .bwg-item0 {      padding: 0px;            background-color:rgba(255,255,255, 0.30);      border: 0px none #CCCCCC;      opacity: 1.00;      border-radius: 0;      box-shadow: 0px 0px 0px #888888;    }    #bwg_container1_2 #bwg_container2_2 .bwg-container-2.bwg-standard-thumbnails .bwg-item1 img {      max-height: none;      max-width: none;      padding: 0 !important;    }        @media only screen and (min-width: 480px) {      #bwg_container1_2 #bwg_container2_2 .bwg-container-2.bwg-standard-thumbnails .bwg-item0 {        transition: all 0.3s ease 0s;-webkit-transition: all 0.3s ease 0s;      }      #bwg_container1_2 #bwg_container2_2 .bwg-container-2.bwg-standard-thumbnails .bwg-item0:hover {        -ms-transform: scale(1.1);        -webkit-transform: scale(1.1);        transform: scale(1.1);      }    }          #bwg_container1_2 #bwg_container2_2 .bwg-container-2.bwg-standard-thumbnails .bwg-item1 {      padding-top: 57.894736842105%;    }        #bwg_container1_2 #bwg_container2_2 .bwg-container-2.bwg-standard-thumbnails .bwg-title2,    #bwg_container1_2 #bwg_container2_2 .bwg-container-2.bwg-standard-thumbnails .bwg-ecommerce2 {      color: #CCCCCC;      font-family: segoe ui;      font-size: 16px;      font-weight: bold;      padding: 2px;      text-shadow: 0px 0px 0px #888888;      max-height: 100%;    }    #bwg_container1_2 #bwg_container2_2 .bwg-container-2.bwg-standard-thumbnails .bwg-thumb-description span {    color: #323A45;    font-family: Ubuntu;    font-size: 12px;    max-height: 100%;    word-wrap: break-word;    }    #bwg_container1_2 #bwg_container2_2 .bwg-container-2.bwg-standard-thumbnails .bwg-play-icon2 {      font-size: 32px;    }    #bwg_container1_2 #bwg_container2_2 .bwg-container-2.bwg-standard-thumbnails .bwg-ecommerce2 {      font-size: 19.2px;      color: #CCCCCC;    }    <\/style>    <div id=\"bwg_container1_2\"         class=\"bwg_container bwg_thumbnail bwg_thumbnails \"         data-right-click-protection=\"1\"         data-bwg=\"2\"         data-scroll=\"0\"         data-gallery-type=\"thumbnails\"         data-gallery-view-type=\"thumbnails\"         data-current-url=\"\/hr\/wp-json\/wp\/v2\/pages\/51\"         data-lightbox-url=\"https:\/\/villa-pag.com\/wp-admin\/admin-ajax.php?action=GalleryBox&#038;current_view=2&#038;gallery_id=7&#038;tag=0&#038;theme_id=1&#038;shortcode_id=53&#038;sort_by=order&#038;order_by=asc&#038;current_url=%2Fhr%2Fwp-json%2Fwp%2Fv2%2Fpages%2F51\"         data-gallery-id=\"7\"         data-popup-width=\"800\"         data-popup-height=\"500\"         data-is-album=\"gallery\"         data-buttons-position=\"bottom\">      <div id=\"bwg_container2_2\">             <div id=\"ajax_loading_2\" class=\"bwg_loading_div_1\">      <div class=\"bwg_loading_div_2\">        <div class=\"bwg_loading_div_3\">          <div id=\"loading_div_2\" class=\"bwg_spider_ajax_loading\">          <\/div>        <\/div>      <\/div>    <\/div>            <form id=\"gal_front_form_2\"              class=\"bwg-hidden\"              method=\"post\"              action=\"#\"              data-current=\"2\"              data-shortcode-id=\"53\"              data-gallery-type=\"thumbnails\"              data-gallery-id=\"7\"              data-tag=\"0\"              data-album-id=\"0\"              data-theme-id=\"1\"              data-ajax-url=\"https:\/\/villa-pag.com\/wp-admin\/admin-ajax.php?action=bwg_frontend_data\">          <div id=\"bwg_container3_2\" class=\"bwg-background bwg-background-2\">                <div data-max-count=\"5\"         data-thumbnail-width=\"380\"         data-bwg=\"2\"         data-gallery-id=\"7\"         data-lightbox-url=\"https:\/\/villa-pag.com\/wp-admin\/admin-ajax.php?action=GalleryBox&amp;current_view=2&amp;gallery_id=7&amp;tag=0&amp;theme_id=1&amp;shortcode_id=53&amp;sort_by=order&amp;order_by=asc&amp;current_url=%2Fhr%2Fwp-json%2Fwp%2Fv2%2Fpages%2F51\"         id=\"bwg_thumbnails_2\"         class=\"bwg-container-2 bwg-thumbnails bwg-standard-thumbnails bwg-container bwg-border-box\">            <div class=\"bwg-item\">        <a class=\"bwg-a  bwg_lightbox\"  data-image-id=\"74\" href=\"https:\/\/villa-pag.com\/wp-content\/uploads\/photo-gallery\/IMG_7532.JPG\" data-elementor-open-lightbox=\"no\">                <div class=\"bwg-item0 \">          <div class=\"bwg-item1 \">            <div class=\"bwg-item2\">              <img class=\"skip-lazy bwg_standart_thumb_img_2 \"                   data-id=\"74\"                   data-width=\"\"                   data-height=\"\"                   data-src=\"https:\/\/villa-pag.com\/wp-content\/uploads\/photo-gallery\/thumb\/IMG_7532.JPG\"                   src=\"https:\/\/villa-pag.com\/wp-content\/uploads\/photo-gallery\/thumb\/IMG_7532.JPG\"                   alt=\"Pag\"                   title=\"Pag\" \/>            <\/div>            <div class=\"\">                                                      <\/div>          <\/div>        <\/div>                        <\/a>              <\/div>            <div class=\"bwg-item\">        <a class=\"bwg-a  bwg_lightbox\"  data-image-id=\"76\" href=\"https:\/\/villa-pag.com\/wp-content\/uploads\/photo-gallery\/Pag.jpg\" data-elementor-open-lightbox=\"no\">                <div class=\"bwg-item0 \">          <div class=\"bwg-item1 \">            <div class=\"bwg-item2\">              <img class=\"skip-lazy bwg_standart_thumb_img_2 \"                   data-id=\"76\"                   data-width=\"\"                   data-height=\"\"                   data-src=\"https:\/\/villa-pag.com\/wp-content\/uploads\/photo-gallery\/thumb\/Pag.jpg\"                   src=\"https:\/\/villa-pag.com\/wp-content\/uploads\/photo-gallery\/thumb\/Pag.jpg\"                   alt=\"Pag \"                   title=\"Pag \" \/>            <\/div>            <div class=\"\">                                                      <\/div>          <\/div>        <\/div>                        <\/a>              <\/div>            <div class=\"bwg-item\">        <a class=\"bwg-a  bwg_lightbox\"  data-image-id=\"71\" href=\"https:\/\/villa-pag.com\/wp-content\/uploads\/photo-gallery\/ferienwohnung-am-meer-insel-pag-norddalmatien-kroatien-7113_4801_20140722165530_norm.jpg\" data-elementor-open-lightbox=\"no\">                <div class=\"bwg-item0 \">          <div class=\"bwg-item1 \">            <div class=\"bwg-item2\">              <img class=\"skip-lazy bwg_standart_thumb_img_2 \"                   data-id=\"71\"                   data-width=\"\"                   data-height=\"\"                   data-src=\"https:\/\/villa-pag.com\/wp-content\/uploads\/photo-gallery\/thumb\/ferienwohnung-am-meer-insel-pag-norddalmatien-kroatien-7113_4801_20140722165530_norm.jpg\"                   src=\"https:\/\/villa-pag.com\/wp-content\/uploads\/photo-gallery\/thumb\/ferienwohnung-am-meer-insel-pag-norddalmatien-kroatien-7113_4801_20140722165530_norm.jpg\"                   alt=\"Pag\"                   title=\"Pag\" \/>            <\/div>            <div class=\"\">                                                      <\/div>          <\/div>        <\/div>                        <\/a>              <\/div>            <div class=\"bwg-item\">        <a class=\"bwg-a  bwg_lightbox\"  data-image-id=\"75\" href=\"https:\/\/villa-pag.com\/wp-content\/uploads\/photo-gallery\/pag_kultura1_b.jpg\" data-elementor-open-lightbox=\"no\">                <div class=\"bwg-item0 \">          <div class=\"bwg-item1 \">            <div class=\"bwg-item2\">              <img class=\"skip-lazy bwg_standart_thumb_img_2 \"                   data-id=\"75\"                   data-width=\"\"                   data-height=\"\"                   data-src=\"https:\/\/villa-pag.com\/wp-content\/uploads\/photo-gallery\/thumb\/pag_kultura1_b.jpg\"                   src=\"https:\/\/villa-pag.com\/wp-content\/uploads\/photo-gallery\/thumb\/pag_kultura1_b.jpg\"                   alt=\"Pag\"                   title=\"Pag\" \/>            <\/div>            <div class=\"\">                                                      <\/div>          <\/div>        <\/div>                        <\/a>              <\/div>            <div class=\"bwg-item\">        <a class=\"bwg-a  bwg_lightbox\"  data-image-id=\"70\" href=\"https:\/\/villa-pag.com\/wp-content\/uploads\/photo-gallery\/blog_072.jpg\" data-elementor-open-lightbox=\"no\">                <div class=\"bwg-item0 \">          <div class=\"bwg-item1 \">            <div class=\"bwg-item2\">              <img class=\"skip-lazy bwg_standart_thumb_img_2 \"                   data-id=\"70\"                   data-width=\"\"                   data-height=\"\"                   data-src=\"https:\/\/villa-pag.com\/wp-content\/uploads\/photo-gallery\/thumb\/blog_072.jpg\"                   src=\"https:\/\/villa-pag.com\/wp-content\/uploads\/photo-gallery\/thumb\/blog_072.jpg\"                   alt=\"Pag\"                   title=\"Pag\" \/>            <\/div>            <div class=\"\">                                                      <\/div>          <\/div>        <\/div>                        <\/a>              <\/div>            <div class=\"bwg-item\">        <a class=\"bwg-a  bwg_lightbox\"  data-image-id=\"69\" href=\"https:\/\/villa-pag.com\/wp-content\/uploads\/photo-gallery\/20150401-095221_fuerstenpalast_knezev_dvor_von_pag.jpg\" data-elementor-open-lightbox=\"no\">                <div class=\"bwg-item0 \">          <div class=\"bwg-item1 \">            <div class=\"bwg-item2\">              <img class=\"skip-lazy bwg_standart_thumb_img_2 \"                   data-id=\"69\"                   data-width=\"\"                   data-height=\"\"                   data-src=\"https:\/\/villa-pag.com\/wp-content\/uploads\/photo-gallery\/thumb\/20150401-095221_fuerstenpalast_knezev_dvor_von_pag.jpg\"                   src=\"https:\/\/villa-pag.com\/wp-content\/uploads\/photo-gallery\/thumb\/20150401-095221_fuerstenpalast_knezev_dvor_von_pag.jpg\"                   alt=\"Kne\u017eev dvor. Pag\"                   title=\"Kne\u017eev dvor. Pag\" \/>            <\/div>            <div class=\"\">                                                      <\/div>          <\/div>        <\/div>                        <\/a>              <\/div>            <div class=\"bwg-item\">        <a class=\"bwg-a  bwg_lightbox\"  data-image-id=\"72\" href=\"https:\/\/villa-pag.com\/wp-content\/uploads\/photo-gallery\/IMGP0440.jpg\" data-elementor-open-lightbox=\"no\">                <div class=\"bwg-item0 \">          <div class=\"bwg-item1 \">            <div class=\"bwg-item2\">              <img class=\"skip-lazy bwg_standart_thumb_img_2 \"                   data-id=\"72\"                   data-width=\"\"                   data-height=\"\"                   data-src=\"https:\/\/villa-pag.com\/wp-content\/uploads\/photo-gallery\/thumb\/IMGP0440.jpg\"                   src=\"https:\/\/villa-pag.com\/wp-content\/uploads\/photo-gallery\/thumb\/IMGP0440.jpg\"                   alt=\"Pag\"                   title=\"Pag\" \/>            <\/div>            <div class=\"\">                                                      <\/div>          <\/div>        <\/div>                        <\/a>              <\/div>            <div class=\"bwg-item\">        <a class=\"bwg-a  bwg_lightbox\"  data-image-id=\"68\" href=\"https:\/\/villa-pag.com\/wp-content\/uploads\/photo-gallery\/1024px-Pa\u0161ka_\u010dipka.JPG\" data-elementor-open-lightbox=\"no\">                <div class=\"bwg-item0 \">          <div class=\"bwg-item1 \">            <div class=\"bwg-item2\">              <img class=\"skip-lazy bwg_standart_thumb_img_2 \"                   data-id=\"68\"                   data-width=\"\"                   data-height=\"\"                   data-src=\"https:\/\/villa-pag.com\/wp-content\/uploads\/photo-gallery\/thumb\/1024px-Pa\u0161ka_\u010dipka.JPG\"                   src=\"https:\/\/villa-pag.com\/wp-content\/uploads\/photo-gallery\/thumb\/1024px-Pa\u0161ka_\u010dipka.JPG\"                   alt=\"Pa\u0161ka \u010dipka. Pag\"                   title=\"Pa\u0161ka \u010dipka. Pag\" \/>            <\/div>            <div class=\"\">                                                      <\/div>          <\/div>        <\/div>                        <\/a>              <\/div>          <\/div>    <style>      \/*pagination styles*\/      #bwg_container1_2 #bwg_container2_2 .tablenav-pages_2 {\t\t\t\ttext-align: center;\t\t\t\tfont-size: 12px;\t\t\t\tfont-family: segoe ui;\t\t\t\tfont-weight: bold;\t\t\t\tcolor: #666666;\t\t\t\tmargin: 6px 0 4px;\t\t\t\tdisplay: block;      }      @media only screen and (max-width : 320px) {      #bwg_container1_2 #bwg_container2_2 .displaying-num_2 {     \t display: none;      }      }      #bwg_container1_2 #bwg_container2_2 .displaying-num_2 {\t\t\t\tfont-size: 12px;\t\t\t\tfont-family: segoe ui;\t\t\t\tfont-weight: bold;\t\t\t\tcolor: #666666;\t\t\t\tmargin-right: 10px;\t\t\t\tvertical-align: middle;      }      #bwg_container1_2 #bwg_container2_2 .paging-input_2 {\t\t\t\tfont-size: 12px;\t\t\t\tfont-family: segoe ui;\t\t\t\tfont-weight: bold;\t\t\t\tcolor: #666666;\t\t\t\tvertical-align: middle;      }      #bwg_container1_2 #bwg_container2_2 .tablenav-pages_2 a.disabled,      #bwg_container1_2 #bwg_container2_2 .tablenav-pages_2 a.disabled:hover,      #bwg_container1_2 #bwg_container2_2 .tablenav-pages_2 a.disabled:focus,\t\t\t#bwg_container1_2 #bwg_container2_2 .tablenav-pages_2 input.bwg_current_page {\t\t\t\tcursor: default;\t\t\t\tcolor: rgba(102, 102, 102, 0.5);      }      #bwg_container1_2 #bwg_container2_2 .tablenav-pages_2 a,      #bwg_container1_2 #bwg_container2_2 .tablenav-pages_2 input.bwg_current_page {\t\t\t\tcursor: pointer;\t\t\t\ttext-align: center;\t\t\t\tfont-size: 12px;\t\t\t\tfont-family: segoe ui;\t\t\t\tfont-weight: bold;\t\t\t\tcolor: #666666;\t\t\t\ttext-decoration: none;\t\t\t\tpadding: 3px 6px;\t\t\t\tmargin: 0;\t\t\t\tborder-radius: 0;\t\t\t\tborder-style: solid;\t\t\t\tborder-width: 1px;\t\t\t\tborder-color: #E3E3E3;\t\t\t\t\t\t\t\tbackground-color: rgba(255, 255, 255, 1.00);\t\t\t\tbox-shadow: 0;\t\t\t\ttransition: all 0.3s ease 0s;-webkit-transition: all 0.3s ease 0s;      }      <\/style>      <span class=\"bwg_nav_cont_2\">              <div class=\"tablenav-pages_2\">                  <\/div>                <input type=\"hidden\" id=\"page_number_2\" name=\"page_number_2\" value=\"1\" \/>      <script type=\"text\/javascript\">        if( jQuery('.bwg_nav_cont_2').length > 1 ) {          jQuery('.bwg_nav_cont_2').first().remove()        }        function spider_page_2(cur, x, y, load_more) {          if (typeof load_more == \"undefined\") {            var load_more = false;          }          if (jQuery(cur).hasClass('disabled')) {            return false;          }          var items_county_2 = 1;          switch (y) {            case 1:              if (x >= items_county_2) {                document.getElementById('page_number_2').value = items_county_2;              }              else {                document.getElementById('page_number_2').value = x + 1;              }              break;            case 2:              document.getElementById('page_number_2').value = items_county_2;              break;            case -1:              if (x == 1) {                document.getElementById('page_number_2').value = 1;              }              else {                document.getElementById('page_number_2').value = x - 1;              }              break;            case -2:              document.getElementById('page_number_2').value = 1;              break;\t\t\t\t\t\tcase 0:              document.getElementById('page_number_2').value = x;              break;            default:              document.getElementById('page_number_2').value = 1;          }          bwg_ajax('gal_front_form_2', '2', 'bwg_thumbnails_2', '0', '', 'gallery', 0, '', '', load_more, '', 1);        }                    jQuery('.first-page-2').on('click', function () {              spider_page_2(this, 1, -2, 'numeric');              return false;            });            jQuery('.prev-page-2').on('click', function () {              spider_page_2(this, 1, -1, 'numeric');              return false;            });            jQuery('.next-page-2').on('click', function () {              spider_page_2(this, 1, 1, 'numeric');              return false;            });            jQuery('.last-page-2').on('click', function () {              spider_page_2(this, 1, 2, 'numeric');              return false;            });        \t\t\t\t\/* Change page on input enter. *\/        function bwg_change_page_2( e, that ) {          if (  e.key == 'Enter' ) {            var to_page = parseInt(jQuery(that).val());            var pages_count = jQuery(that).parents(\".pagination-links\").data(\"pages-count\");            var current_url_param = jQuery(that).attr('data-url-info');            if (to_page > pages_count) {              to_page = 1;            }\t \t\t\t\t\t\t\t\t\t\t\t\tspider_page_2(this, to_page, 0, 'numeric');\t\t\t\t\t\t\treturn false;\t\t\t\t\t\t          }          return true;        }        jQuery('.bwg_load_btn_2').on('click', function () {            spider_page_2(this, 1, 1, true);            return false;        });      <\/script>      <\/span>                <\/div>        <\/form>        <style>          #bwg_container1_2 #bwg_container2_2 #spider_popup_overlay_2 {          background-color: #000000;          opacity: 0.70;          }          <\/style>        <div id=\"bwg_spider_popup_loading_2\" class=\"bwg_spider_popup_loading\"><\/div>        <div id=\"spider_popup_overlay_2\" class=\"spider_popup_overlay\" onclick=\"spider_destroypopup(1000)\"><\/div>        <input type=\"hidden\" id=\"bwg_random_seed_2\" value=\"1761946273\">                <\/div>    <\/div>    <script>      if (document.readyState === 'complete') {        if( typeof bwg_main_ready == 'function' ) {          if ( jQuery(\"#bwg_container1_2\").height() ) {            bwg_main_ready(jQuery(\"#bwg_container1_2\"));          }        }      } else {        document.addEventListener('DOMContentLoaded', function() {          if( typeof bwg_main_ready == 'function' ) {            if ( jQuery(\"#bwg_container1_2\").height() ) {             bwg_main_ready(jQuery(\"#bwg_container1_2\"));            }          }        });      }    <\/script>    <\/p>\n<p>Pag je grad koji nudi sa\u010duvane spomenike kulture, gastronomske specijalitete i posve druga\u010diju prirodu s kamenim \u010darolijama.<\/p>\n<p>Na sredi\u0161njem dijelu otoka Paga izdignuta nad prostranim bazenima soli, nalazi se akropola s crkvom Sv. Marije, kao dio nekada\u0161njeg Paga \u010dije povijesne tragove valja tra\u017eiti jo\u0161 u razdoblju antike. Naziv Pag prvi se puta spominje u X. st. i to kada je 976. kralj Stjepan Dr\u017eislav oslobodio Pag od bizantske vlasti i za upravitelja grada postavio hrvatskog \u017eupana. Jedan od najzna\u010dajnijih doga\u0111aja u povijesti grada Paga jest dobivanje Bule kralja Bele IV. kojom je gradu Pagu darovao status Slobodnog kraljevskog grada. Bilo je to 30. o\u017eujka 1244. godine i u spomen na taj doga\u0111aj, 30. o\u017eujka progla\u0161en je Danom grada Paga. Nalaze\u0107i se stalno usred borbe Zadra i Raba za prevlast nad otokom , Pa\u017eani su \u017eeljeli ostvariti autonomiju , za koju su se borili svim pravnim sredstvima. Pa\u0161ki je sudac Belota Dobroni\u0107 na Op\u0107em hrvatskom saboru u Ninu 1396. godine nastojao i dijelom uspio o\u017eivotvoriti ideju o pa\u0161koj autonomiji. Hrvatski je kralj Ludovik I. 1376. godine potvrdio Pagu pravo Slobodnog kraljevskog grada , daju\u0107i mu uz postoje\u0107e , jo\u0161 i neke nove povlastice. Kralj Ladislav je 1403. godine prodao Veneciji svoj dio Dalmacije , u \u0161to je bio uklju\u010den i grad Pag. Na taj je na\u010din, za vi\u0161e stolje\u0107a, Pag pripao Mleta\u010dkoj Republici. Godine 1433. dobio je Gradski statut , jedan od prvih dokumenata takve vrste u Hrvatskoj. Sredinom XV. st. opasnost od Turaka bila je sve ve\u0107a , pa su Pa\u017eani, 18. svibnja 1443. godine, po\u010deli s gradnjom novog grada, na mjestu na kojem se i danas nalazi.<\/p>\n<p>Planovi za izgradnju novoga grada Paga izra\u0111ivali su se u Veneciji, a u svemu tome sudjelovao je i veliki graditelj i kipar Juraj Matejev Dalmatinac. U novi su se grad Pa\u017eani preselili 1467. godine. Grad koji su napustili nazvali su jednostavno Stari grad i takav je naziv ostao do danas. Novoizgra\u0111eni grad pru\u017eao je ve\u0107u sigurnost, bio je okru\u017een zidinama dodatno poja\u010danima sa devet kula.<\/p>\n<p>U novi grad Pag preselilo se cijelo stanovni\u0161tvo Starog grada, pa je zapravo povijest starog i novog Paga jedna ista i nedjeljiva. Na \u010delu pa \u0161ke uprave stolje\u0107ima se nalazio knez kojega je postavljala sredi\u0161nja vlast u Veneciji. Va\u017enu ulogu u oblikovanju kulturnog i gospodarskog \u017eivljenja u gradu Pagu imale su pa\u0161ke plemi\u0107ke obitelji. Njihove su pala\u010de bile simbol mo\u0107i i bogatstva, ali i op\u0107eg prosperiteta grada.<\/p>\n<p>(Izvor: tzpag.hr, wikipedia.org)<\/p>","protected":false},"excerpt":{"rendered":"<p>Pag je grad koji nudi sa\u010duvane spomenike kulture, gastronomske specijalitete i posve druga\u010diju prirodu s kamenim \u010darolijama. Na sredi\u0161njem dijelu otoka Paga izdignuta nad prostranim bazenima soli, nalazi se akropola s crkvom Sv. Marije, kao dio nekada\u0161njeg Paga \u010dije povijesne tragove valja tra\u017eiti jo\u0161 u razdoblju antike. Naziv Pag prvi se puta spominje u X. [&hellip;]<\/p>\n","protected":false},"author":1,"featured_media":0,"parent":0,"menu_order":0,"comment_status":"closed","ping_status":"closed","template":"","meta":{"footnotes":""},"_links":{"self":[{"href":"https:\/\/villa-pag.com\/hr\/wp-json\/wp\/v2\/pages\/51"}],"collection":[{"href":"https:\/\/villa-pag.com\/hr\/wp-json\/wp\/v2\/pages"}],"about":[{"href":"https:\/\/villa-pag.com\/hr\/wp-json\/wp\/v2\/types\/page"}],"author":[{"embeddable":true,"href":"https:\/\/villa-pag.com\/hr\/wp-json\/wp\/v2\/users\/1"}],"replies":[{"embeddable":true,"href":"https:\/\/villa-pag.com\/hr\/wp-json\/wp\/v2\/comments?post=51"}],"version-history":[{"count":24,"href":"https:\/\/villa-pag.com\/hr\/wp-json\/wp\/v2\/pages\/51\/revisions"}],"predecessor-version":[{"id":585,"href":"https:\/\/villa-pag.com\/hr\/wp-json\/wp\/v2\/pages\/51\/revisions\/585"}],"wp:attachment":[{"href":"https:\/\/villa-pag.com\/hr\/wp-json\/wp\/v2\/media?parent=51"}],"curies":[{"name":"wp","href":"https:\/\/api.w.org\/{rel}","templated":true}]}}