{"id":48,"date":"2016-02-15T21:51:36","date_gmt":"2016-02-15T21:51:36","guid":{"rendered":"http:\/\/villa-pag.com\/?page_id=48"},"modified":"2018-10-09T10:49:13","modified_gmt":"2018-10-09T10:49:13","slug":"insel-pag","status":"publish","type":"page","link":"https:\/\/villa-pag.com\/hr\/insel-pag\/","title":{"rendered":"Otok Pag"},"content":{"rendered":"<p><style id=\"bwg-style-2\">    #bwg_container1_2 #bwg_container2_2 .bwg-container-2.bwg-standard-thumbnails {      width: 904px;              justify-content: center;        margin:0 auto !important;              background-color: rgba(255, 255, 255, 0.00);            padding-left: 4px;      padding-top: 4px;      max-width: 100%;            }        #bwg_container1_2 #bwg_container2_2 .bwg-container-2.bwg-standard-thumbnails .bwg-item {    justify-content: flex-start;      max-width: 180px;            width: 180px !important;          }    #bwg_container1_2 #bwg_container2_2 .bwg-container-2.bwg-standard-thumbnails .bwg-item a {       margin-right: 4px;       margin-bottom: 4px;    }    #bwg_container1_2 #bwg_container2_2 .bwg-container-2.bwg-standard-thumbnails .bwg-item0 {      padding: 0px;            background-color:rgba(255,255,255, 0.30);      border: 0px none #CCCCCC;      opacity: 1.00;      border-radius: 0;      box-shadow: 0px 0px 0px #888888;    }    #bwg_container1_2 #bwg_container2_2 .bwg-container-2.bwg-standard-thumbnails .bwg-item1 img {      max-height: none;      max-width: none;      padding: 0 !important;    }        @media only screen and (min-width: 480px) {      #bwg_container1_2 #bwg_container2_2 .bwg-container-2.bwg-standard-thumbnails .bwg-item0 {        transition: all 0.3s ease 0s;-webkit-transition: all 0.3s ease 0s;      }      #bwg_container1_2 #bwg_container2_2 .bwg-container-2.bwg-standard-thumbnails .bwg-item0:hover {        -ms-transform: scale(1.1);        -webkit-transform: scale(1.1);        transform: scale(1.1);      }    }          #bwg_container1_2 #bwg_container2_2 .bwg-container-2.bwg-standard-thumbnails .bwg-item1 {      padding-top: 50%;    }        #bwg_container1_2 #bwg_container2_2 .bwg-container-2.bwg-standard-thumbnails .bwg-title2,    #bwg_container1_2 #bwg_container2_2 .bwg-container-2.bwg-standard-thumbnails .bwg-ecommerce2 {      color: #CCCCCC;      font-family: segoe ui;      font-size: 16px;      font-weight: bold;      padding: 2px;      text-shadow: 0px 0px 0px #888888;      max-height: 100%;    }    #bwg_container1_2 #bwg_container2_2 .bwg-container-2.bwg-standard-thumbnails .bwg-thumb-description span {    color: #323A45;    font-family: Ubuntu;    font-size: 12px;    max-height: 100%;    word-wrap: break-word;    }    #bwg_container1_2 #bwg_container2_2 .bwg-container-2.bwg-standard-thumbnails .bwg-play-icon2 {      font-size: 32px;    }    #bwg_container1_2 #bwg_container2_2 .bwg-container-2.bwg-standard-thumbnails .bwg-ecommerce2 {      font-size: 19.2px;      color: #CCCCCC;    }    <\/style>    <div id=\"bwg_container1_2\"         class=\"bwg_container bwg_thumbnail bwg_thumbnails \"         data-right-click-protection=\"1\"         data-bwg=\"2\"         data-scroll=\"0\"         data-gallery-type=\"thumbnails\"         data-gallery-view-type=\"thumbnails\"         data-current-url=\"\/hr\/wp-json\/wp\/v2\/pages\/48\"         data-lightbox-url=\"https:\/\/villa-pag.com\/wp-admin\/admin-ajax.php?action=GalleryBox&#038;current_view=2&#038;gallery_id=6&#038;tag=0&#038;theme_id=1&#038;shortcode_id=30&#038;sort_by=order&#038;order_by=asc&#038;current_url=%2Fhr%2Fwp-json%2Fwp%2Fv2%2Fpages%2F48\"         data-gallery-id=\"6\"         data-popup-width=\"800\"         data-popup-height=\"500\"         data-is-album=\"gallery\"         data-buttons-position=\"bottom\">      <div id=\"bwg_container2_2\">             <div id=\"ajax_loading_2\" class=\"bwg_loading_div_1\">      <div class=\"bwg_loading_div_2\">        <div class=\"bwg_loading_div_3\">          <div id=\"loading_div_2\" class=\"bwg_spider_ajax_loading\">          <\/div>        <\/div>      <\/div>    <\/div>            <form id=\"gal_front_form_2\"              class=\"bwg-hidden\"              method=\"post\"              action=\"#\"              data-current=\"2\"              data-shortcode-id=\"30\"              data-gallery-type=\"thumbnails\"              data-gallery-id=\"6\"              data-tag=\"0\"              data-album-id=\"0\"              data-theme-id=\"1\"              data-ajax-url=\"https:\/\/villa-pag.com\/wp-admin\/admin-ajax.php?action=bwg_frontend_data\">          <div id=\"bwg_container3_2\" class=\"bwg-background bwg-background-2\">                <div data-max-count=\"5\"         data-thumbnail-width=\"180\"         data-bwg=\"2\"         data-gallery-id=\"6\"         data-lightbox-url=\"https:\/\/villa-pag.com\/wp-admin\/admin-ajax.php?action=GalleryBox&amp;current_view=2&amp;gallery_id=6&amp;tag=0&amp;theme_id=1&amp;shortcode_id=30&amp;sort_by=order&amp;order_by=asc&amp;current_url=%2Fhr%2Fwp-json%2Fwp%2Fv2%2Fpages%2F48\"         id=\"bwg_thumbnails_2\"         class=\"bwg-container-2 bwg-thumbnails bwg-standard-thumbnails bwg-container bwg-border-box\">            <div class=\"bwg-item\">        <a class=\"bwg-a  bwg_lightbox\"  data-image-id=\"59\" href=\"https:\/\/villa-pag.com\/wp-content\/uploads\/photo-gallery\/otok-pag03.jpg\" data-elementor-open-lightbox=\"no\">                <div class=\"bwg-item0 \">          <div class=\"bwg-item1 \">            <div class=\"bwg-item2\">              <img class=\"skip-lazy bwg_standart_thumb_img_2 \"                   data-id=\"59\"                   data-width=\"\"                   data-height=\"\"                   data-src=\"https:\/\/villa-pag.com\/wp-content\/uploads\/photo-gallery\/thumb\/otok-pag03.jpg\"                   src=\"https:\/\/villa-pag.com\/wp-content\/uploads\/photo-gallery\/thumb\/otok-pag03.jpg\"                   alt=\"Pag\"                   title=\"Pag\" \/>            <\/div>            <div class=\"\">                                                      <\/div>          <\/div>        <\/div>                        <\/a>              <\/div>            <div class=\"bwg-item\">        <a class=\"bwg-a  bwg_lightbox\"  data-image-id=\"61\" href=\"https:\/\/villa-pag.com\/wp-content\/uploads\/photo-gallery\/pag4.jpg\" data-elementor-open-lightbox=\"no\">                <div class=\"bwg-item0 \">          <div class=\"bwg-item1 \">            <div class=\"bwg-item2\">              <img class=\"skip-lazy bwg_standart_thumb_img_2 \"                   data-id=\"61\"                   data-width=\"\"                   data-height=\"\"                   data-src=\"https:\/\/villa-pag.com\/wp-content\/uploads\/photo-gallery\/thumb\/pag4.jpg\"                   src=\"https:\/\/villa-pag.com\/wp-content\/uploads\/photo-gallery\/thumb\/pag4.jpg\"                   alt=\"Pag\"                   title=\"Pag\" \/>            <\/div>            <div class=\"\">                                                      <\/div>          <\/div>        <\/div>                        <\/a>              <\/div>            <div class=\"bwg-item\">        <a class=\"bwg-a  bwg_lightbox\"  data-image-id=\"62\" href=\"https:\/\/villa-pag.com\/wp-content\/uploads\/photo-gallery\/PAG-2.jpg\" data-elementor-open-lightbox=\"no\">                <div class=\"bwg-item0 \">          <div class=\"bwg-item1 \">            <div class=\"bwg-item2\">              <img class=\"skip-lazy bwg_standart_thumb_img_2 \"                   data-id=\"62\"                   data-width=\"\"                   data-height=\"\"                   data-src=\"https:\/\/villa-pag.com\/wp-content\/uploads\/photo-gallery\/thumb\/PAG-2.jpg\"                   src=\"https:\/\/villa-pag.com\/wp-content\/uploads\/photo-gallery\/thumb\/PAG-2.jpg\"                   alt=\"Pag\"                   title=\"Pag\" \/>            <\/div>            <div class=\"\">                                                      <\/div>          <\/div>        <\/div>                        <\/a>              <\/div>            <div class=\"bwg-item\">        <a class=\"bwg-a  bwg_lightbox\"  data-image-id=\"57\" href=\"https:\/\/villa-pag.com\/wp-content\/uploads\/photo-gallery\/IMGP5583.jpg\" data-elementor-open-lightbox=\"no\">                <div class=\"bwg-item0 \">          <div class=\"bwg-item1 \">            <div class=\"bwg-item2\">              <img class=\"skip-lazy bwg_standart_thumb_img_2 \"                   data-id=\"57\"                   data-width=\"\"                   data-height=\"\"                   data-src=\"https:\/\/villa-pag.com\/wp-content\/uploads\/photo-gallery\/thumb\/IMGP5583.jpg\"                   src=\"https:\/\/villa-pag.com\/wp-content\/uploads\/photo-gallery\/thumb\/IMGP5583.jpg\"                   alt=\"Pag\"                   title=\"Pag\" \/>            <\/div>            <div class=\"\">                                                      <\/div>          <\/div>        <\/div>                        <\/a>              <\/div>            <div class=\"bwg-item\">        <a class=\"bwg-a  bwg_lightbox\"  data-image-id=\"56\" href=\"https:\/\/villa-pag.com\/wp-content\/uploads\/photo-gallery\/grad-pag-12.jpg\" data-elementor-open-lightbox=\"no\">                <div class=\"bwg-item0 \">          <div class=\"bwg-item1 \">            <div class=\"bwg-item2\">              <img class=\"skip-lazy bwg_standart_thumb_img_2 \"                   data-id=\"56\"                   data-width=\"\"                   data-height=\"\"                   data-src=\"https:\/\/villa-pag.com\/wp-content\/uploads\/photo-gallery\/thumb\/grad-pag-12.jpg\"                   src=\"https:\/\/villa-pag.com\/wp-content\/uploads\/photo-gallery\/thumb\/grad-pag-12.jpg\"                   alt=\"Pag\"                   title=\"Pag\" \/>            <\/div>            <div class=\"\">                                                      <\/div>          <\/div>        <\/div>                        <\/a>              <\/div>            <div class=\"bwg-item\">        <a class=\"bwg-a  bwg_lightbox\"  data-image-id=\"60\" href=\"https:\/\/villa-pag.com\/wp-content\/uploads\/photo-gallery\/Pag.jpg\" data-elementor-open-lightbox=\"no\">                <div class=\"bwg-item0 \">          <div class=\"bwg-item1 \">            <div class=\"bwg-item2\">              <img class=\"skip-lazy bwg_standart_thumb_img_2 \"                   data-id=\"60\"                   data-width=\"\"                   data-height=\"\"                   data-src=\"https:\/\/villa-pag.com\/wp-content\/uploads\/photo-gallery\/thumb\/Pag.jpg\"                   src=\"https:\/\/villa-pag.com\/wp-content\/uploads\/photo-gallery\/thumb\/Pag.jpg\"                   alt=\"Pag\"                   title=\"Pag\" \/>            <\/div>            <div class=\"\">                                                      <\/div>          <\/div>        <\/div>                        <\/a>              <\/div>            <div class=\"bwg-item\">        <a class=\"bwg-a  bwg_lightbox\"  data-image-id=\"58\" href=\"https:\/\/villa-pag.com\/wp-content\/uploads\/photo-gallery\/IMG_9943.JPG\" data-elementor-open-lightbox=\"no\">                <div class=\"bwg-item0 \">          <div class=\"bwg-item1 \">            <div class=\"bwg-item2\">              <img class=\"skip-lazy bwg_standart_thumb_img_2 \"                   data-id=\"58\"                   data-width=\"\"                   data-height=\"\"                   data-src=\"https:\/\/villa-pag.com\/wp-content\/uploads\/photo-gallery\/thumb\/IMG_9943.JPG\"                   src=\"https:\/\/villa-pag.com\/wp-content\/uploads\/photo-gallery\/thumb\/IMG_9943.JPG\"                   alt=\"Pag\"                   title=\"Pag\" \/>            <\/div>            <div class=\"\">                                                      <\/div>          <\/div>        <\/div>                        <\/a>              <\/div>            <div class=\"bwg-item\">        <a class=\"bwg-a  bwg_lightbox\"  data-image-id=\"55\" href=\"https:\/\/villa-pag.com\/wp-content\/uploads\/photo-gallery\/DSC01281%20(Medium).JPG\" data-elementor-open-lightbox=\"no\">                <div class=\"bwg-item0 \">          <div class=\"bwg-item1 \">            <div class=\"bwg-item2\">              <img class=\"skip-lazy bwg_standart_thumb_img_2 \"                   data-id=\"55\"                   data-width=\"\"                   data-height=\"\"                   data-src=\"https:\/\/villa-pag.com\/wp-content\/uploads\/photo-gallery\/thumb\/DSC01281%20(Medium).JPG\"                   src=\"https:\/\/villa-pag.com\/wp-content\/uploads\/photo-gallery\/thumb\/DSC01281%20(Medium).JPG\"                   alt=\"Pag\"                   title=\"Pag\" \/>            <\/div>            <div class=\"\">                                                      <\/div>          <\/div>        <\/div>                        <\/a>              <\/div>            <div class=\"bwg-item\">        <a class=\"bwg-a  bwg_lightbox\"  data-image-id=\"54\" href=\"https:\/\/villa-pag.com\/wp-content\/uploads\/photo-gallery\/28098809.jpg\" data-elementor-open-lightbox=\"no\">                <div class=\"bwg-item0 \">          <div class=\"bwg-item1 \">            <div class=\"bwg-item2\">              <img class=\"skip-lazy bwg_standart_thumb_img_2 \"                   data-id=\"54\"                   data-width=\"\"                   data-height=\"\"                   data-src=\"https:\/\/villa-pag.com\/wp-content\/uploads\/photo-gallery\/thumb\/28098809.jpg\"                   src=\"https:\/\/villa-pag.com\/wp-content\/uploads\/photo-gallery\/thumb\/28098809.jpg\"                   alt=\"Pag\"                   title=\"Pag\" \/>            <\/div>            <div class=\"\">                                                      <\/div>          <\/div>        <\/div>                        <\/a>              <\/div>            <div class=\"bwg-item\">        <a class=\"bwg-a  bwg_lightbox\"  data-image-id=\"53\" href=\"https:\/\/villa-pag.com\/wp-content\/uploads\/photo-gallery\/13868304.jpg\" data-elementor-open-lightbox=\"no\">                <div class=\"bwg-item0 \">          <div class=\"bwg-item1 \">            <div class=\"bwg-item2\">              <img class=\"skip-lazy bwg_standart_thumb_img_2 \"                   data-id=\"53\"                   data-width=\"\"                   data-height=\"\"                   data-src=\"https:\/\/villa-pag.com\/wp-content\/uploads\/photo-gallery\/thumb\/13868304.jpg\"                   src=\"https:\/\/villa-pag.com\/wp-content\/uploads\/photo-gallery\/thumb\/13868304.jpg\"                   alt=\"Pag\"                   title=\"Pag\" \/>            <\/div>            <div class=\"\">                                                      <\/div>          <\/div>        <\/div>                        <\/a>              <\/div>            <div class=\"bwg-item\">        <a class=\"bwg-a  bwg_lightbox\"  data-image-id=\"52\" href=\"https:\/\/villa-pag.com\/wp-content\/uploads\/photo-gallery\/12988650.jpg\" data-elementor-open-lightbox=\"no\">                <div class=\"bwg-item0 \">          <div class=\"bwg-item1 \">            <div class=\"bwg-item2\">              <img class=\"skip-lazy bwg_standart_thumb_img_2 \"                   data-id=\"52\"                   data-width=\"\"                   data-height=\"\"                   data-src=\"https:\/\/villa-pag.com\/wp-content\/uploads\/photo-gallery\/thumb\/12988650.jpg\"                   src=\"https:\/\/villa-pag.com\/wp-content\/uploads\/photo-gallery\/thumb\/12988650.jpg\"                   alt=\"Pag\"                   title=\"Pag\" \/>            <\/div>            <div class=\"\">                                                      <\/div>          <\/div>        <\/div>                        <\/a>              <\/div>            <div class=\"bwg-item\">        <a class=\"bwg-a  bwg_lightbox\"  data-image-id=\"51\" href=\"https:\/\/villa-pag.com\/wp-content\/uploads\/photo-gallery\/1024px-Pa\u0161ka_\u010dipka.JPG\" data-elementor-open-lightbox=\"no\">                <div class=\"bwg-item0 \">          <div class=\"bwg-item1 \">            <div class=\"bwg-item2\">              <img class=\"skip-lazy bwg_standart_thumb_img_2 \"                   data-id=\"51\"                   data-width=\"\"                   data-height=\"\"                   data-src=\"https:\/\/villa-pag.com\/wp-content\/uploads\/photo-gallery\/thumb\/1024px-Pa\u0161ka_\u010dipka.JPG\"                   src=\"https:\/\/villa-pag.com\/wp-content\/uploads\/photo-gallery\/thumb\/1024px-Pa\u0161ka_\u010dipka.JPG\"                   alt=\"Pa\u0161ka \u010dipka. Pag\"                   title=\"Pa\u0161ka \u010dipka. Pag\" \/>            <\/div>            <div class=\"\">                                                      <\/div>          <\/div>        <\/div>                        <\/a>              <\/div>          <\/div>    <style>      \/*pagination styles*\/      #bwg_container1_2 #bwg_container2_2 .tablenav-pages_2 {\t\t\t\ttext-align: center;\t\t\t\tfont-size: 12px;\t\t\t\tfont-family: segoe ui;\t\t\t\tfont-weight: bold;\t\t\t\tcolor: #666666;\t\t\t\tmargin: 6px 0 4px;\t\t\t\tdisplay: block;      }      @media only screen and (max-width : 320px) {      #bwg_container1_2 #bwg_container2_2 .displaying-num_2 {     \t display: none;      }      }      #bwg_container1_2 #bwg_container2_2 .displaying-num_2 {\t\t\t\tfont-size: 12px;\t\t\t\tfont-family: segoe ui;\t\t\t\tfont-weight: bold;\t\t\t\tcolor: #666666;\t\t\t\tmargin-right: 10px;\t\t\t\tvertical-align: middle;      }      #bwg_container1_2 #bwg_container2_2 .paging-input_2 {\t\t\t\tfont-size: 12px;\t\t\t\tfont-family: segoe ui;\t\t\t\tfont-weight: bold;\t\t\t\tcolor: #666666;\t\t\t\tvertical-align: middle;      }      #bwg_container1_2 #bwg_container2_2 .tablenav-pages_2 a.disabled,      #bwg_container1_2 #bwg_container2_2 .tablenav-pages_2 a.disabled:hover,      #bwg_container1_2 #bwg_container2_2 .tablenav-pages_2 a.disabled:focus,\t\t\t#bwg_container1_2 #bwg_container2_2 .tablenav-pages_2 input.bwg_current_page {\t\t\t\tcursor: default;\t\t\t\tcolor: rgba(102, 102, 102, 0.5);      }      #bwg_container1_2 #bwg_container2_2 .tablenav-pages_2 a,      #bwg_container1_2 #bwg_container2_2 .tablenav-pages_2 input.bwg_current_page {\t\t\t\tcursor: pointer;\t\t\t\ttext-align: center;\t\t\t\tfont-size: 12px;\t\t\t\tfont-family: segoe ui;\t\t\t\tfont-weight: bold;\t\t\t\tcolor: #666666;\t\t\t\ttext-decoration: none;\t\t\t\tpadding: 3px 6px;\t\t\t\tmargin: 0;\t\t\t\tborder-radius: 0;\t\t\t\tborder-style: solid;\t\t\t\tborder-width: 1px;\t\t\t\tborder-color: #E3E3E3;\t\t\t\t\t\t\t\tbackground-color: rgba(255, 255, 255, 1.00);\t\t\t\tbox-shadow: 0;\t\t\t\ttransition: all 0.3s ease 0s;-webkit-transition: all 0.3s ease 0s;      }      <\/style>      <span class=\"bwg_nav_cont_2\">              <div class=\"tablenav-pages_2\">                  <\/div>                <input type=\"hidden\" id=\"page_number_2\" name=\"page_number_2\" value=\"1\" \/>      <script type=\"text\/javascript\">        if( jQuery('.bwg_nav_cont_2').length > 1 ) {          jQuery('.bwg_nav_cont_2').first().remove()        }        function spider_page_2(cur, x, y, load_more) {          if (typeof load_more == \"undefined\") {            var load_more = false;          }          if (jQuery(cur).hasClass('disabled')) {            return false;          }          var items_county_2 = 1;          switch (y) {            case 1:              if (x >= items_county_2) {                document.getElementById('page_number_2').value = items_county_2;              }              else {                document.getElementById('page_number_2').value = x + 1;              }              break;            case 2:              document.getElementById('page_number_2').value = items_county_2;              break;            case -1:              if (x == 1) {                document.getElementById('page_number_2').value = 1;              }              else {                document.getElementById('page_number_2').value = x - 1;              }              break;            case -2:              document.getElementById('page_number_2').value = 1;              break;\t\t\t\t\t\tcase 0:              document.getElementById('page_number_2').value = x;              break;            default:              document.getElementById('page_number_2').value = 1;          }          bwg_ajax('gal_front_form_2', '2', 'bwg_thumbnails_2', '0', '', 'gallery', 0, '', '', load_more, '', 1);        }                    jQuery('.first-page-2').on('click', function () {              spider_page_2(this, 1, -2, 'numeric');              return false;            });            jQuery('.prev-page-2').on('click', function () {              spider_page_2(this, 1, -1, 'numeric');              return false;            });            jQuery('.next-page-2').on('click', function () {              spider_page_2(this, 1, 1, 'numeric');              return false;            });            jQuery('.last-page-2').on('click', function () {              spider_page_2(this, 1, 2, 'numeric');              return false;            });        \t\t\t\t\/* Change page on input enter. *\/        function bwg_change_page_2( e, that ) {          if (  e.key == 'Enter' ) {            var to_page = parseInt(jQuery(that).val());            var pages_count = jQuery(that).parents(\".pagination-links\").data(\"pages-count\");            var current_url_param = jQuery(that).attr('data-url-info');            if (to_page > pages_count) {              to_page = 1;            }\t \t\t\t\t\t\t\t\t\t\t\t\tspider_page_2(this, to_page, 0, 'numeric');\t\t\t\t\t\t\treturn false;\t\t\t\t\t\t          }          return true;        }        jQuery('.bwg_load_btn_2').on('click', function () {            spider_page_2(this, 1, 1, true);            return false;        });      <\/script>      <\/span>                <\/div>        <\/form>        <style>          #bwg_container1_2 #bwg_container2_2 #spider_popup_overlay_2 {          background-color: #000000;          opacity: 0.70;          }          <\/style>        <div id=\"bwg_spider_popup_loading_2\" class=\"bwg_spider_popup_loading\"><\/div>        <div id=\"spider_popup_overlay_2\" class=\"spider_popup_overlay\" onclick=\"spider_destroypopup(1000)\"><\/div>        <input type=\"hidden\" id=\"bwg_random_seed_2\" value=\"1956293153\">                <\/div>    <\/div>    <script>      if (document.readyState === 'complete') {        if( typeof bwg_main_ready == 'function' ) {          if ( jQuery(\"#bwg_container1_2\").height() ) {            bwg_main_ready(jQuery(\"#bwg_container1_2\"));          }        }      } else {        document.addEventListener('DOMContentLoaded', function() {          if( typeof bwg_main_ready == 'function' ) {            if ( jQuery(\"#bwg_container1_2\").height() ) {             bwg_main_ready(jQuery(\"#bwg_container1_2\"));            }          }        });      }    <\/script>    <\/p>\n<p>Otok Pag duga\u010dak je preko 60 km i vrlo uzak \u0161irine od 2 do 9,5 km. Du\u017eina obale iznosi 270 km \u0161to Pag ubraja u najrazvedenije otoke u Hrvatskoj. Povr\u0161ina mu iznosi 286,6 km2.<br \/>\nOtok Pag je poznat i kao jedan od najsun\u010danijih otoka na Jadranu s preko 2.500 sun\u010danih sati godi\u0161nje. Prosje\u010dna godi\u0161nja temperatura zraka je 15 stupnjeva Celzijevih.<br \/>\nSvaka, pa i malena uvala blago se spu\u0161ta prema moru i ima pje\u0161\u010dane pla\u017ee s finim, kristalnim pijeskom.<br \/>\nUo\u010dljive su velike razlike izme\u0111u isto\u010dnog i zapadnog dijela otoka.<br \/>\nIsto\u010dni dio otoka, okrenut prema kopnu, je nerazveden, strm, surova izgleda, visok, ukra\u0161en mno\u0161tvom grebena dok je zapadni dio otoka znatno ni\u017ei, zeleniji, pitomiji.<br \/>\nPosebnost i zanimljivost otoka Paga su izvori pitke vode i brojne vrulje u moru. Voda na otok sti\u017ee uglavnom ispod morskog dna s Velebitskih padina.<br \/>\nNa otoku se nalaze tri slatkovodna mo\u010dvarna jezera: Veliko blato, Malo blato i Kolansko blato.<br \/>\nIako se klimatske prilike na otoku ubrajaju u mediteranske, blizina Velebita \u010dini svoje, pa tako utje\u010de na biljni pokrov otoka &#8211; isto\u010dni dio je zbog jakih udara bure i jake posolice sasvim gol, ali usprkos tome na otoku se zadr\u017eao autohtoni zimzelen.<\/p>\n<p>(Izvor: tzpag.hr)<\/p>","protected":false},"excerpt":{"rendered":"<p>Otok Pag duga\u010dak je preko 60 km i vrlo uzak \u0161irine od 2 do 9,5 km. Du\u017eina obale iznosi 270 km \u0161to Pag ubraja u najrazvedenije otoke u Hrvatskoj. Povr\u0161ina mu iznosi 286,6 km2. Otok Pag je poznat i kao jedan od najsun\u010danijih otoka na Jadranu s preko 2.500 sun\u010danih sati godi\u0161nje. Prosje\u010dna godi\u0161nja temperatura [&hellip;]<\/p>\n","protected":false},"author":1,"featured_media":0,"parent":0,"menu_order":0,"comment_status":"closed","ping_status":"closed","template":"","meta":{"footnotes":""},"_links":{"self":[{"href":"https:\/\/villa-pag.com\/hr\/wp-json\/wp\/v2\/pages\/48"}],"collection":[{"href":"https:\/\/villa-pag.com\/hr\/wp-json\/wp\/v2\/pages"}],"about":[{"href":"https:\/\/villa-pag.com\/hr\/wp-json\/wp\/v2\/types\/page"}],"author":[{"embeddable":true,"href":"https:\/\/villa-pag.com\/hr\/wp-json\/wp\/v2\/users\/1"}],"replies":[{"embeddable":true,"href":"https:\/\/villa-pag.com\/hr\/wp-json\/wp\/v2\/comments?post=48"}],"version-history":[{"count":21,"href":"https:\/\/villa-pag.com\/hr\/wp-json\/wp\/v2\/pages\/48\/revisions"}],"predecessor-version":[{"id":238,"href":"https:\/\/villa-pag.com\/hr\/wp-json\/wp\/v2\/pages\/48\/revisions\/238"}],"wp:attachment":[{"href":"https:\/\/villa-pag.com\/hr\/wp-json\/wp\/v2\/media?parent=48"}],"curies":[{"name":"wp","href":"https:\/\/api.w.org\/{rel}","templated":true}]}}