{"id":464,"date":"2018-08-26T13:44:47","date_gmt":"2018-08-26T13:44:47","guid":{"rendered":"https:\/\/villa-pag.com\/?page_id=464"},"modified":"2019-11-07T11:10:49","modified_gmt":"2019-11-07T11:10:49","slug":"slide-2","status":"publish","type":"page","link":"https:\/\/villa-pag.com\/hr\/slide-2\/","title":{"rendered":"Slide 2"},"content":{"rendered":"<p>Smje\u0161tena je u najzelenijem i najmirnijem dijelu&nbsp;<a href=\"http:\/\/villa-pag.com\/insel-pag\/\">otoka Paga<\/a>, u mjestu&nbsp;<a href=\"http:\/\/villa-pag.com\/bwg_gallery\/sveta-marija\/\">Sveta Marija<\/a>, poznatom po najljep\u0161im pla\u017eama&nbsp;<a href=\"http:\/\/villa-pag.com\/insel-pag\/\">otoka Paga<\/a>. Villa-Pag je smje\u0161tena na staroj cesti Pag-Novalja, na rubu jedinstvenog rezervata \u0161umske vegetacije hrasta crnike Dubrava-Hanzina&nbsp;&nbsp;i udaljena je 6 km od sredi\u0161ta&nbsp;<a href=\"http:\/\/villa-pag.com\/stadt-pag\/\">grada Paga<\/a>.&nbsp;Iza ku\u0107e uzdi\u017ee se planina&nbsp;<a href=\"http:\/\/villa-pag.com\/gipfel-sveti-vid-st-vid\/\">Sveti Vid<\/a>, \u0161to pru\u017ea potpunu privatnost i miran odmor. A za one, koji su \u017eeljni zabave, 6 km udaljena, nalazi se i najpoznatija&nbsp;<a href=\"http:\/\/villa-pag.com\/party-strand-zrce\/\">party-pla\u017ea Zr\u0107e<\/a>.<\/p>","protected":false},"excerpt":{"rendered":"<p>Smje\u0161tena je u najzelenijem i najmirnijem dijelu&nbsp;otoka Paga, u mjestu&nbsp;Sveta Marija, poznatom po najljep\u0161im pla\u017eama&nbsp;otoka Paga. Villa-Pag je smje\u0161tena na staroj cesti Pag-Novalja, na rubu jedinstvenog rezervata \u0161umske vegetacije hrasta crnike Dubrava-Hanzina&nbsp;&nbsp;i udaljena je 6 km od sredi\u0161ta&nbsp;grada Paga.&nbsp;Iza ku\u0107e uzdi\u017ee se planina&nbsp;Sveti Vid, \u0161to pru\u017ea potpunu privatnost i miran odmor. A za one, koji [&hellip;]<\/p>\n","protected":false},"author":1,"featured_media":855,"parent":0,"menu_order":0,"comment_status":"closed","ping_status":"closed","template":"page-templates\/template-fullwidth.php","meta":{"footnotes":""},"_links":{"self":[{"href":"https:\/\/villa-pag.com\/hr\/wp-json\/wp\/v2\/pages\/464"}],"collection":[{"href":"https:\/\/villa-pag.com\/hr\/wp-json\/wp\/v2\/pages"}],"about":[{"href":"https:\/\/villa-pag.com\/hr\/wp-json\/wp\/v2\/types\/page"}],"author":[{"embeddable":true,"href":"https:\/\/villa-pag.com\/hr\/wp-json\/wp\/v2\/users\/1"}],"replies":[{"embeddable":true,"href":"https:\/\/villa-pag.com\/hr\/wp-json\/wp\/v2\/comments?post=464"}],"version-history":[{"count":10,"href":"https:\/\/villa-pag.com\/hr\/wp-json\/wp\/v2\/pages\/464\/revisions"}],"predecessor-version":[{"id":893,"href":"https:\/\/villa-pag.com\/hr\/wp-json\/wp\/v2\/pages\/464\/revisions\/893"}],"wp:featuredmedia":[{"embeddable":true,"href":"https:\/\/villa-pag.com\/hr\/wp-json\/wp\/v2\/media\/855"}],"wp:attachment":[{"href":"https:\/\/villa-pag.com\/hr\/wp-json\/wp\/v2\/media?parent=464"}],"curies":[{"name":"wp","href":"https:\/\/api.w.org\/{rel}","templated":true}]}}