{"id":384,"date":"2018-08-15T16:45:24","date_gmt":"2018-08-15T16:45:24","guid":{"rendered":"http:\/\/villa-pag.com\/?page_id=384"},"modified":"2018-10-24T16:12:08","modified_gmt":"2018-10-24T16:12:08","slug":"startseite","status":"publish","type":"page","link":"https:\/\/villa-pag.com\/hr\/","title":{"rendered":"Naslovnica"},"content":{"rendered":"<p>Villa-Pag je moderna, luksuzna ku\u0107a s pogledom na more, vlastitim bazenom i\u00a0samo 100 m udaljena od romanti\u010dne \u0161ljun\u010dane pla\u017ee. Smje\u0161tena je u najzelenijem i najmirnijem dijelu\u00a0<a href=\"http:\/\/villa-pag.com\/insel-pag\/\">otoka Paga<\/a>, u mjestu <a href=\"http:\/\/villa-pag.com\/bwg_gallery\/sveta-marija\/\">Sveta Marija<\/a>, poznatom po najljep\u0161im pla\u017eama\u00a0<a href=\"http:\/\/villa-pag.com\/insel-pag\/\">otoka Paga<\/a>. Villa-Pag je smje\u0161tena na staroj cesti Pag-Novalja, na rubu jedinstvenog rezervata \u0161umske vegetacije hrasta crnike Dubrava-Hanzina\u00a0\u00a0i udaljena je 6 km od sredi\u0161ta\u00a0<a href=\"http:\/\/villa-pag.com\/stadt-pag\/\">grada Paga<\/a>.\u00a0Iza ku\u0107e uzdi\u017ee se planina\u00a0<a href=\"http:\/\/villa-pag.com\/gipfel-sveti-vid-st-vid\/\">Sveti Vid<\/a>, \u0161to pru\u017ea potpunu privatnost i miran odmor. A za one, koji su \u017eeljni zabave, 6 km udaljena, nalazi se i najpoznatija\u00a0<a href=\"http:\/\/villa-pag.com\/party-strand-zrce\/\">party-pla\u017ea Zr\u0107e<\/a>.<\/p>\n<p>[Modula id=&#8221;1&#8243;]<\/p>\n<div id=\"metaslider-id-25\" style=\"width: 100%; margin: 0 auto;\" class=\"ml-slider-3-60-1 metaslider metaslider-flex metaslider-25 ml-slider ms-theme-default\" role=\"region\" aria-roledescription=\"Slideshow\" aria-label=\"Zemljiste\">\n    <div id=\"metaslider_container_25\">\n        <div id=\"metaslider_25\">\n            <ul aria-live=\"polite\" class=\"slides\">\n                <li style=\"display: none; width: 100%;\" class=\"slide-39 ms-image\" aria-roledescription=\"slide\" aria-label=\"slide-39\"><img src=\"https:\/\/villa-pag.com\/wp-content\/uploads\/2016\/02\/paskikanal-390x280.jpg\" height=\"280\" width=\"390\" alt=\"Kroatien - Pag - Sveta Marija\" class=\"slider-25 slide-39\" \/><\/li>\n                <li style=\"display: none; width: 100%;\" class=\"slide-38 ms-image\" aria-roledescription=\"slide\" aria-label=\"slide-38\"><img src=\"https:\/\/villa-pag.com\/wp-content\/uploads\/2016\/02\/panorama-390x280.jpg\" height=\"280\" width=\"390\" alt=\"Kroatien - Pag - Sveta Marija\" class=\"slider-25 slide-38\" \/><\/li>\n                <li style=\"display: none; width: 100%;\" class=\"slide-40 ms-image\" aria-roledescription=\"slide\" aria-label=\"slide-40\"><img src=\"https:\/\/villa-pag.com\/wp-content\/uploads\/2016\/02\/1062165-1-390x280.jpg\" height=\"280\" width=\"390\" alt=\"Villa Pag - Sveta Marija\" class=\"slider-25 slide-40\" title=\"Kroatien - Pag - Sveta Marija\" \/><div class=\"caption-wrap\"><div class=\"caption\">Villa Pag - Sveta Marija<\/div><\/div><\/li>\n                <li style=\"display: none; width: 100%;\" class=\"slide-45 ms-image\" aria-roledescription=\"slide\" aria-label=\"slide-45\"><img src=\"https:\/\/villa-pag.com\/wp-content\/uploads\/2016\/02\/IMG_7581-390x280.jpg\" height=\"280\" width=\"390\" alt=\"Kroatien - Pag - Sveta Marija\" class=\"slider-25 slide-45\" title=\"Kroatien - Pag - Sveta Marija\" \/><\/li>\n                <li style=\"display: none; width: 100%;\" class=\"slide-41 ms-image\" aria-roledescription=\"slide\" aria-label=\"slide-41\"><img src=\"https:\/\/villa-pag.com\/wp-content\/uploads\/2016\/02\/13807175-390x280.jpg\" height=\"280\" width=\"390\" alt=\"Kroatien - Pag - Sveta Marija\" class=\"slider-25 slide-41\" title=\"Kroatien - Pag - Sveta Marija\" \/><\/li>\n                <li style=\"display: none; width: 100%;\" class=\"slide-42 ms-image\" aria-roledescription=\"slide\" aria-label=\"slide-42\"><img src=\"https:\/\/villa-pag.com\/wp-content\/uploads\/2016\/02\/24312086-390x280.jpg\" height=\"280\" width=\"390\" alt=\"Kroatien - Pag - Sveta Marija\" class=\"slider-25 slide-42\" title=\"Kroatien - Pag - Sveta Marija\" \/><\/li>\n                <li style=\"display: none; width: 100%;\" class=\"slide-7 ms-image\" aria-roledescription=\"slide\" aria-label=\"slide-7\"><img src=\"https:\/\/villa-pag.com\/wp-content\/uploads\/2016\/02\/IMG_7551-390x280.jpg\" height=\"280\" width=\"390\" alt=\"Villa-Pag. Sveta Marija. Pag. Kroatien.\" class=\"slider-25 slide-7\" title=\"Kroatien - Pag - Sveta Marija\" \/><\/li>\n                <li style=\"display: none; width: 100%;\" class=\"slide-44 ms-image\" aria-roledescription=\"slide\" aria-label=\"slide-44\"><img src=\"https:\/\/villa-pag.com\/wp-content\/uploads\/2016\/02\/IMG_7555-390x280.jpg\" height=\"280\" width=\"390\" alt=\"Kroatien - Pag - Sveta Marija\" class=\"slider-25 slide-44\" title=\"Kroatien - Pag - Sveta Marija\" \/><\/li>\n                <li style=\"display: none; width: 100%;\" class=\"slide-6 ms-image\" aria-roledescription=\"slide\" aria-label=\"slide-6\"><img src=\"https:\/\/villa-pag.com\/wp-content\/uploads\/2016\/02\/IMG_7543-390x280.jpg\" height=\"280\" width=\"390\" alt=\"Villa Pag\" class=\"slider-25 slide-6\" title=\"Kroatien - Pag - Sveta Marija\" \/><\/li>\n            <\/ul>\n        <\/div>\n        \n    <\/div>\n<\/div>\n<p><div id=\"wpgmza_map\" class=\"wpgmza_map\" data-settings='{\"id\":\"1\",\"map_title\":\"Sveta Marija\",\"map_width\":\"100\",\"map_height\":\"400\",\"map_start_lat\":\"44.481530\",\"map_start_lng\":\"15.014784\",\"map_start_location\":\"44.48153020051596,15.014783729980552\",\"map_start_zoom\":\"10\",\"default_marker\":\"0\",\"type\":\"1\",\"alignment\":\"1\",\"directions_enabled\":\"1\",\"styling_enabled\":\"0\",\"styling_json\":\"\",\"active\":\"0\",\"kml\":\"\",\"bicycle\":\"0\",\"traffic\":\"0\",\"dbox\":\"1\",\"dbox_width\":\"250\",\"listmarkers\":\"0\",\"listmarkers_advanced\":\"0\",\"filterbycat\":\"0\",\"ugm_enabled\":\"0\",\"ugm_category_enabled\":\"0\",\"fusion\":\"\",\"map_width_type\":\"\\\\%\",\"map_height_type\":\"px\",\"mass_marker_support\":\"1\",\"ugm_access\":\"0\",\"order_markers_by\":\"1\",\"order_markers_choice\":\"2\",\"show_user_location\":\"0\",\"default_to\":\"\",\"other_settings\":{\"store_locator_enabled\":2,\"store_locator_distance\":2,\"store_locator_bounce\":1,\"store_locator_query_string\":\"ZIP \\\/ Address:\",\"wpgmza_store_locator_restrict\":\"\",\"map_max_zoom\":\"1\",\"transport_layer\":0,\"wpgmza_theme_data\":\"\"}}' data-map-id='1' Data-maps-engine='google-maps' data-shortcode-attributes='{\"id\":\"1\"}' style=\"display:block; overflow:auto; width:100%; height:400px; float:left;\"><\/div><\/p>","protected":false},"excerpt":{"rendered":"<p>Villa-Pag je moderna, luksuzna ku\u0107a s pogledom na more, vlastitim bazenom i\u00a0samo 100 m udaljena od romanti\u010dne \u0161ljun\u010dane pla\u017ee. Smje\u0161tena je u najzelenijem i najmirnijem dijelu\u00a0otoka Paga, u mjestu Sveta Marija, poznatom po najljep\u0161im pla\u017eama\u00a0otoka Paga. Villa-Pag je smje\u0161tena na staroj cesti Pag-Novalja, na rubu jedinstvenog rezervata \u0161umske vegetacije hrasta crnike Dubrava-Hanzina\u00a0\u00a0i udaljena je 6 [&hellip;]<\/p>\n","protected":false},"author":1,"featured_media":0,"parent":0,"menu_order":0,"comment_status":"closed","ping_status":"closed","template":"page-templates\/template-home.php","meta":{"footnotes":""},"_links":{"self":[{"href":"https:\/\/villa-pag.com\/hr\/wp-json\/wp\/v2\/pages\/384"}],"collection":[{"href":"https:\/\/villa-pag.com\/hr\/wp-json\/wp\/v2\/pages"}],"about":[{"href":"https:\/\/villa-pag.com\/hr\/wp-json\/wp\/v2\/types\/page"}],"author":[{"embeddable":true,"href":"https:\/\/villa-pag.com\/hr\/wp-json\/wp\/v2\/users\/1"}],"replies":[{"embeddable":true,"href":"https:\/\/villa-pag.com\/hr\/wp-json\/wp\/v2\/comments?post=384"}],"version-history":[{"count":8,"href":"https:\/\/villa-pag.com\/hr\/wp-json\/wp\/v2\/pages\/384\/revisions"}],"predecessor-version":[{"id":606,"href":"https:\/\/villa-pag.com\/hr\/wp-json\/wp\/v2\/pages\/384\/revisions\/606"}],"wp:attachment":[{"href":"https:\/\/villa-pag.com\/hr\/wp-json\/wp\/v2\/media?parent=384"}],"curies":[{"name":"wp","href":"https:\/\/api.w.org\/{rel}","templated":true}]}}