{"id":136,"date":"2016-02-20T14:28:12","date_gmt":"2016-02-20T14:28:12","guid":{"rendered":"http:\/\/villa-pag.com\/?page_id=136"},"modified":"2018-11-01T09:44:50","modified_gmt":"2018-11-01T09:44:50","slug":"kontakt","status":"publish","type":"page","link":"https:\/\/villa-pag.com\/hr\/kontakt\/","title":{"rendered":"Kontakt"},"content":{"rendered":"<p>Zovite nas na +491707990000, ili nam po\u0161aljite svoja pitanja, prijedloge ili komentare i mi \u0107emo Vam odgovoriti u najkra\u0107em mogu\u0107em roku.<\/p>\n<p>\n<div class=\"wpcf7 no-js\" id=\"wpcf7-f135-o3\" lang=\"de-DE\" dir=\"ltr\">\n<div class=\"screen-reader-response\"><p role=\"status\" aria-live=\"polite\" aria-atomic=\"true\"><\/p> <ul><\/ul><\/div>\n<form action=\"\/hr\/wp-json\/wp\/v2\/pages\/136#wpcf7-f135-o3\" method=\"post\" class=\"wpcf7-form init\" aria-label=\"Kontaktformular\" novalidate=\"novalidate\" data-status=\"init\">\n<div style=\"display: none;\">\n<input type=\"hidden\" name=\"_wpcf7\" value=\"135\" \/>\n<input type=\"hidden\" name=\"_wpcf7_version\" value=\"5.8.6\" \/>\n<input type=\"hidden\" name=\"_wpcf7_locale\" value=\"de_DE\" \/>\n<input type=\"hidden\" name=\"_wpcf7_unit_tag\" value=\"wpcf7-f135-o3\" \/>\n<input type=\"hidden\" name=\"_wpcf7_container_post\" value=\"0\" \/>\n<input type=\"hidden\" name=\"_wpcf7_posted_data_hash\" value=\"\" \/>\n<\/div>\n<p>Va\u0161e ime i prezime <span style=\"color: #f7413c\">*<\/span>\n<\/p>\n<p><span class=\"wpcf7-form-control-wrap\" data-name=\"your-name\"><input size=\"40\" class=\"wpcf7-form-control wpcf7-text wpcf7-validates-as-required\" aria-required=\"true\" aria-invalid=\"false\" value=\"\" type=\"text\" name=\"your-name\" \/><\/span>\n<\/p>\n<p>Va\u0161a e-mail adresa <span style=\"color: #f7413c\">*<\/span>\n<\/p>\n<p><span class=\"wpcf7-form-control-wrap\" data-name=\"your-email\"><input size=\"40\" class=\"wpcf7-form-control wpcf7-email wpcf7-validates-as-required wpcf7-text wpcf7-validates-as-email\" aria-required=\"true\" aria-invalid=\"false\" value=\"\" type=\"email\" name=\"your-email\" \/><\/span>\n<\/p>\n<p>Telefon\n<\/p>\n<p><span class=\"wpcf7-form-control-wrap\" data-name=\"tel-549\"><input size=\"40\" class=\"wpcf7-form-control wpcf7-tel wpcf7-text wpcf7-validates-as-tel\" aria-invalid=\"false\" value=\"\" type=\"tel\" name=\"tel-549\" \/><\/span>\n<\/p>\n<p>Naslov poruke\n<\/p>\n<p><span class=\"wpcf7-form-control-wrap\" data-name=\"your-subject\"><input size=\"40\" class=\"wpcf7-form-control wpcf7-text\" aria-invalid=\"false\" value=\"\" type=\"text\" name=\"your-subject\" \/><\/span>\n<\/p>\n<p>Tekst poruke\n<\/p>\n<p><span class=\"wpcf7-form-control-wrap\" data-name=\"your-message\"><textarea cols=\"40\" rows=\"10\" class=\"wpcf7-form-control wpcf7-textarea\" aria-invalid=\"false\" name=\"your-message\"><\/textarea><\/span>\n<\/p>\n<p class=\"pButton\"><input class=\"wpcf7-form-control wpcf7-submit has-spinner\" type=\"submit\" value=\"Po\u0161alji\" \/>\n<\/p><div class=\"wpcf7-response-output\" aria-hidden=\"true\"><\/div>\n<\/form>\n<\/div>\n<\/p>","protected":false},"excerpt":{"rendered":"<p>Zovite nas na +491707990000, ili nam po\u0161aljite svoja pitanja, prijedloge ili komentare i mi \u0107emo Vam odgovoriti u najkra\u0107em mogu\u0107em roku.<\/p>\n","protected":false},"author":1,"featured_media":0,"parent":0,"menu_order":0,"comment_status":"closed","ping_status":"closed","template":"","meta":{"footnotes":""},"_links":{"self":[{"href":"https:\/\/villa-pag.com\/hr\/wp-json\/wp\/v2\/pages\/136"}],"collection":[{"href":"https:\/\/villa-pag.com\/hr\/wp-json\/wp\/v2\/pages"}],"about":[{"href":"https:\/\/villa-pag.com\/hr\/wp-json\/wp\/v2\/types\/page"}],"author":[{"embeddable":true,"href":"https:\/\/villa-pag.com\/hr\/wp-json\/wp\/v2\/users\/1"}],"replies":[{"embeddable":true,"href":"https:\/\/villa-pag.com\/hr\/wp-json\/wp\/v2\/comments?post=136"}],"version-history":[{"count":20,"href":"https:\/\/villa-pag.com\/hr\/wp-json\/wp\/v2\/pages\/136\/revisions"}],"predecessor-version":[{"id":708,"href":"https:\/\/villa-pag.com\/hr\/wp-json\/wp\/v2\/pages\/136\/revisions\/708"}],"wp:attachment":[{"href":"https:\/\/villa-pag.com\/hr\/wp-json\/wp\/v2\/media?parent=136"}],"curies":[{"name":"wp","href":"https:\/\/api.w.org\/{rel}","templated":true}]}}