{"id":53,"date":"2016-02-15T22:05:18","date_gmt":"2016-02-15T22:05:18","guid":{"rendered":"http:\/\/villa-pag.com\/?page_id=53"},"modified":"2018-10-15T16:35:46","modified_gmt":"2018-10-15T16:35:46","slug":"gipfel-sveti-vid-st-vid","status":"publish","type":"page","link":"https:\/\/villa-pag.com\/en\/gipfel-sveti-vid-st-vid\/","title":{"rendered":"Peak Sveti Vid"},"content":{"rendered":"<p><style id=\"bwg-style-1\">    #bwg_container1_1 #bwg_container2_1 .bwg-container-1.bwg-standard-thumbnails {      width: 1904px;              justify-content: center;        margin:0 auto !important;              background-color: rgba(255, 255, 255, 0.00);            padding-left: 4px;      padding-top: 4px;      max-width: 100%;            }        #bwg_container1_1 #bwg_container2_1 .bwg-container-1.bwg-standard-thumbnails .bwg-item {    justify-content: flex-start;      max-width: 380px;            width: 380px !important;          }    #bwg_container1_1 #bwg_container2_1 .bwg-container-1.bwg-standard-thumbnails .bwg-item a {       margin-right: 4px;       margin-bottom: 4px;    }    #bwg_container1_1 #bwg_container2_1 .bwg-container-1.bwg-standard-thumbnails .bwg-item0 {      padding: 0px;            background-color:rgba(255,255,255, 0.30);      border: 0px none #CCCCCC;      opacity: 1.00;      border-radius: 0;      box-shadow: 0px 0px 0px #888888;    }    #bwg_container1_1 #bwg_container2_1 .bwg-container-1.bwg-standard-thumbnails .bwg-item1 img {      max-height: none;      max-width: none;      padding: 0 !important;    }        @media only screen and (min-width: 480px) {      #bwg_container1_1 #bwg_container2_1 .bwg-container-1.bwg-standard-thumbnails .bwg-item0 {        transition: all 0.3s ease 0s;-webkit-transition: all 0.3s ease 0s;      }      #bwg_container1_1 #bwg_container2_1 .bwg-container-1.bwg-standard-thumbnails .bwg-item0:hover {        -ms-transform: scale(1.1);        -webkit-transform: scale(1.1);        transform: scale(1.1);      }    }          #bwg_container1_1 #bwg_container2_1 .bwg-container-1.bwg-standard-thumbnails .bwg-item1 {      padding-top: 57.894736842105%;    }        #bwg_container1_1 #bwg_container2_1 .bwg-container-1.bwg-standard-thumbnails .bwg-title2,    #bwg_container1_1 #bwg_container2_1 .bwg-container-1.bwg-standard-thumbnails .bwg-ecommerce2 {      color: #CCCCCC;      font-family: segoe ui;      font-size: 16px;      font-weight: bold;      padding: 2px;      text-shadow: 0px 0px 0px #888888;      max-height: 100%;    }    #bwg_container1_1 #bwg_container2_1 .bwg-container-1.bwg-standard-thumbnails .bwg-thumb-description span {    color: #323A45;    font-family: Ubuntu;    font-size: 12px;    max-height: 100%;    word-wrap: break-word;    }    #bwg_container1_1 #bwg_container2_1 .bwg-container-1.bwg-standard-thumbnails .bwg-play-icon2 {      font-size: 32px;    }    #bwg_container1_1 #bwg_container2_1 .bwg-container-1.bwg-standard-thumbnails .bwg-ecommerce2 {      font-size: 19.2px;      color: #CCCCCC;    }    <\/style>    <div id=\"bwg_container1_1\"         class=\"bwg_container bwg_thumbnail bwg_thumbnails \"         data-right-click-protection=\"1\"         data-bwg=\"1\"         data-scroll=\"0\"         data-gallery-type=\"thumbnails\"         data-gallery-view-type=\"thumbnails\"         data-current-url=\"\/en\/wp-json\/wp\/v2\/pages\/53\"         data-lightbox-url=\"https:\/\/villa-pag.com\/wp-admin\/admin-ajax.php?action=GalleryBox&#038;current_view=1&#038;gallery_id=3&#038;tag=0&#038;theme_id=1&#038;shortcode_id=54&#038;sort_by=order&#038;order_by=asc&#038;current_url=%2Fen%2Fwp-json%2Fwp%2Fv2%2Fpages%2F53\"         data-gallery-id=\"3\"         data-popup-width=\"800\"         data-popup-height=\"500\"         data-is-album=\"gallery\"         data-buttons-position=\"bottom\">      <div id=\"bwg_container2_1\">             <div id=\"ajax_loading_1\" class=\"bwg_loading_div_1\">      <div class=\"bwg_loading_div_2\">        <div class=\"bwg_loading_div_3\">          <div id=\"loading_div_1\" class=\"bwg_spider_ajax_loading\">          <\/div>        <\/div>      <\/div>    <\/div>            <form id=\"gal_front_form_1\"              class=\"bwg-hidden\"              method=\"post\"              action=\"#\"              data-current=\"1\"              data-shortcode-id=\"54\"              data-gallery-type=\"thumbnails\"              data-gallery-id=\"3\"              data-tag=\"0\"              data-album-id=\"0\"              data-theme-id=\"1\"              data-ajax-url=\"https:\/\/villa-pag.com\/wp-admin\/admin-ajax.php?action=bwg_frontend_data\">          <div id=\"bwg_container3_1\" class=\"bwg-background bwg-background-1\">                <div data-max-count=\"5\"         data-thumbnail-width=\"380\"         data-bwg=\"1\"         data-gallery-id=\"3\"         data-lightbox-url=\"https:\/\/villa-pag.com\/wp-admin\/admin-ajax.php?action=GalleryBox&amp;current_view=1&amp;gallery_id=3&amp;tag=0&amp;theme_id=1&amp;shortcode_id=54&amp;sort_by=order&amp;order_by=asc&amp;current_url=%2Fen%2Fwp-json%2Fwp%2Fv2%2Fpages%2F53\"         id=\"bwg_thumbnails_1\"         class=\"bwg-container-1 bwg-thumbnails bwg-standard-thumbnails bwg-container bwg-border-box\">            <div class=\"bwg-item\">        <a class=\"bwg-a  bwg_lightbox\"  data-image-id=\"168\" href=\"https:\/\/villa-pag.com\/wp-content\/uploads\/photo-gallery\/SXLO2462.jpg?bwg=1540387954\" data-elementor-open-lightbox=\"no\">                <div class=\"bwg-item0 \">          <div class=\"bwg-item1 \">            <div class=\"bwg-item2\">              <img class=\"skip-lazy bwg_standart_thumb_img_1 \"                   data-id=\"168\"                   data-width=\"\"                   data-height=\"\"                   data-src=\"https:\/\/villa-pag.com\/wp-content\/uploads\/photo-gallery\/thumb\/SXLO2462.jpg?bwg=1540387954\"                   src=\"https:\/\/villa-pag.com\/wp-content\/uploads\/photo-gallery\/thumb\/SXLO2462.jpg?bwg=1540387954\"                   alt=\"Sveti Vid\"                   title=\"Sveti Vid\" \/>            <\/div>            <div class=\"\">                                                      <\/div>          <\/div>        <\/div>                        <\/a>              <\/div>            <div class=\"bwg-item\">        <a class=\"bwg-a  bwg_lightbox\"  data-image-id=\"90\" href=\"https:\/\/villa-pag.com\/wp-content\/uploads\/photo-gallery\/kPCdd8L.jpg\" data-elementor-open-lightbox=\"no\">                <div class=\"bwg-item0 \">          <div class=\"bwg-item1 \">            <div class=\"bwg-item2\">              <img class=\"skip-lazy bwg_standart_thumb_img_1 \"                   data-id=\"90\"                   data-width=\"\"                   data-height=\"\"                   data-src=\"https:\/\/villa-pag.com\/wp-content\/uploads\/photo-gallery\/thumb\/kPCdd8L.jpg\"                   src=\"https:\/\/villa-pag.com\/wp-content\/uploads\/photo-gallery\/thumb\/kPCdd8L.jpg\"                   alt=\"Sveti Vid      \"                   title=\"Sveti Vid      \" \/>            <\/div>            <div class=\"\">                                                      <\/div>          <\/div>        <\/div>                        <\/a>              <\/div>            <div class=\"bwg-item\">        <a class=\"bwg-a  bwg_lightbox\"  data-image-id=\"79\" href=\"https:\/\/villa-pag.com\/wp-content\/uploads\/photo-gallery\/IMG_1412.JPG\" data-elementor-open-lightbox=\"no\">                <div class=\"bwg-item0 \">          <div class=\"bwg-item1 \">            <div class=\"bwg-item2\">              <img class=\"skip-lazy bwg_standart_thumb_img_1 \"                   data-id=\"79\"                   data-width=\"\"                   data-height=\"\"                   data-src=\"https:\/\/villa-pag.com\/wp-content\/uploads\/photo-gallery\/thumb\/IMG_1412.JPG\"                   src=\"https:\/\/villa-pag.com\/wp-content\/uploads\/photo-gallery\/thumb\/IMG_1412.JPG\"                   alt=\"Sveti Vid      \"                   title=\"Sveti Vid      \" \/>            <\/div>            <div class=\"\">                                                      <\/div>          <\/div>        <\/div>                        <\/a>              <\/div>            <div class=\"bwg-item\">        <a class=\"bwg-a  bwg_lightbox\"  data-image-id=\"78\" href=\"https:\/\/villa-pag.com\/wp-content\/uploads\/photo-gallery\/IMG_1426.JPG\" data-elementor-open-lightbox=\"no\">                <div class=\"bwg-item0 \">          <div class=\"bwg-item1 \">            <div class=\"bwg-item2\">              <img class=\"skip-lazy bwg_standart_thumb_img_1 \"                   data-id=\"78\"                   data-width=\"\"                   data-height=\"\"                   data-src=\"https:\/\/villa-pag.com\/wp-content\/uploads\/photo-gallery\/thumb\/IMG_1426.JPG\"                   src=\"https:\/\/villa-pag.com\/wp-content\/uploads\/photo-gallery\/thumb\/IMG_1426.JPG\"                   alt=\"Sveti Vid      \"                   title=\"Sveti Vid      \" \/>            <\/div>            <div class=\"\">                                                      <\/div>          <\/div>        <\/div>                        <\/a>              <\/div>            <div class=\"bwg-item\">        <a class=\"bwg-a  bwg_lightbox\"  data-image-id=\"77\" href=\"https:\/\/villa-pag.com\/wp-content\/uploads\/photo-gallery\/IMG_1265.JPG\" data-elementor-open-lightbox=\"no\">                <div class=\"bwg-item0 \">          <div class=\"bwg-item1 \">            <div class=\"bwg-item2\">              <img class=\"skip-lazy bwg_standart_thumb_img_1 \"                   data-id=\"77\"                   data-width=\"\"                   data-height=\"\"                   data-src=\"https:\/\/villa-pag.com\/wp-content\/uploads\/photo-gallery\/thumb\/IMG_1265.JPG\"                   src=\"https:\/\/villa-pag.com\/wp-content\/uploads\/photo-gallery\/thumb\/IMG_1265.JPG\"                   alt=\"Sveti Vid      \"                   title=\"Sveti Vid      \" \/>            <\/div>            <div class=\"\">                                                      <\/div>          <\/div>        <\/div>                        <\/a>              <\/div>            <div class=\"bwg-item\">        <a class=\"bwg-a  bwg_lightbox\"  data-image-id=\"24\" href=\"https:\/\/villa-pag.com\/wp-content\/uploads\/photo-gallery\/DSC04398.JPG\" data-elementor-open-lightbox=\"no\">                <div class=\"bwg-item0 \">          <div class=\"bwg-item1 \">            <div class=\"bwg-item2\">              <img class=\"skip-lazy bwg_standart_thumb_img_1 \"                   data-id=\"24\"                   data-width=\"\"                   data-height=\"\"                   data-src=\"https:\/\/villa-pag.com\/wp-content\/uploads\/photo-gallery\/thumb\/DSC04398.JPG\"                   src=\"https:\/\/villa-pag.com\/wp-content\/uploads\/photo-gallery\/thumb\/DSC04398.JPG\"                   alt=\"Sveti Vid      \"                   title=\"Sveti Vid      \" \/>            <\/div>            <div class=\"\">                                                      <\/div>          <\/div>        <\/div>                        <\/a>              <\/div>            <div class=\"bwg-item\">        <a class=\"bwg-a  bwg_lightbox\"  data-image-id=\"23\" href=\"https:\/\/villa-pag.com\/wp-content\/uploads\/photo-gallery\/DSC04382.JPG\" data-elementor-open-lightbox=\"no\">                <div class=\"bwg-item0 \">          <div class=\"bwg-item1 \">            <div class=\"bwg-item2\">              <img class=\"skip-lazy bwg_standart_thumb_img_1 \"                   data-id=\"23\"                   data-width=\"\"                   data-height=\"\"                   data-src=\"https:\/\/villa-pag.com\/wp-content\/uploads\/photo-gallery\/thumb\/DSC04382.JPG\"                   src=\"https:\/\/villa-pag.com\/wp-content\/uploads\/photo-gallery\/thumb\/DSC04382.JPG\"                   alt=\"Sveti Vid      \"                   title=\"Sveti Vid      \" \/>            <\/div>            <div class=\"\">                                                      <\/div>          <\/div>        <\/div>                        <\/a>              <\/div>            <div class=\"bwg-item\">        <a class=\"bwg-a  bwg_lightbox\"  data-image-id=\"22\" href=\"https:\/\/villa-pag.com\/wp-content\/uploads\/photo-gallery\/DSC03454.JPG\" data-elementor-open-lightbox=\"no\">                <div class=\"bwg-item0 \">          <div class=\"bwg-item1 \">            <div class=\"bwg-item2\">              <img class=\"skip-lazy bwg_standart_thumb_img_1 \"                   data-id=\"22\"                   data-width=\"\"                   data-height=\"\"                   data-src=\"https:\/\/villa-pag.com\/wp-content\/uploads\/photo-gallery\/thumb\/DSC03454.JPG\"                   src=\"https:\/\/villa-pag.com\/wp-content\/uploads\/photo-gallery\/thumb\/DSC03454.JPG\"                   alt=\"Sveti Vid      \"                   title=\"Sveti Vid      \" \/>            <\/div>            <div class=\"\">                                                      <\/div>          <\/div>        <\/div>                        <\/a>              <\/div>            <div class=\"bwg-item\">        <a class=\"bwg-a  bwg_lightbox\"  data-image-id=\"21\" href=\"https:\/\/villa-pag.com\/wp-content\/uploads\/photo-gallery\/DSC03441.JPG\" data-elementor-open-lightbox=\"no\">                <div class=\"bwg-item0 \">          <div class=\"bwg-item1 \">            <div class=\"bwg-item2\">              <img class=\"skip-lazy bwg_standart_thumb_img_1 \"                   data-id=\"21\"                   data-width=\"\"                   data-height=\"\"                   data-src=\"https:\/\/villa-pag.com\/wp-content\/uploads\/photo-gallery\/thumb\/DSC03441.JPG\"                   src=\"https:\/\/villa-pag.com\/wp-content\/uploads\/photo-gallery\/thumb\/DSC03441.JPG\"                   alt=\"Sveti Vid      \"                   title=\"Sveti Vid      \" \/>            <\/div>            <div class=\"\">                                                      <\/div>          <\/div>        <\/div>                        <\/a>              <\/div>            <div class=\"bwg-item\">        <a class=\"bwg-a  bwg_lightbox\"  data-image-id=\"20\" href=\"https:\/\/villa-pag.com\/wp-content\/uploads\/photo-gallery\/DSC03433.JPG\" data-elementor-open-lightbox=\"no\">                <div class=\"bwg-item0 \">          <div class=\"bwg-item1 \">            <div class=\"bwg-item2\">              <img class=\"skip-lazy bwg_standart_thumb_img_1 \"                   data-id=\"20\"                   data-width=\"\"                   data-height=\"\"                   data-src=\"https:\/\/villa-pag.com\/wp-content\/uploads\/photo-gallery\/thumb\/DSC03433.JPG\"                   src=\"https:\/\/villa-pag.com\/wp-content\/uploads\/photo-gallery\/thumb\/DSC03433.JPG\"                   alt=\"Sveti Vid      \"                   title=\"Sveti Vid      \" \/>            <\/div>            <div class=\"\">                                                      <\/div>          <\/div>        <\/div>                        <\/a>              <\/div>          <\/div>    <style>      \/*pagination styles*\/      #bwg_container1_1 #bwg_container2_1 .tablenav-pages_1 {\t\t\t\ttext-align: center;\t\t\t\tfont-size: 12px;\t\t\t\tfont-family: segoe ui;\t\t\t\tfont-weight: bold;\t\t\t\tcolor: #666666;\t\t\t\tmargin: 6px 0 4px;\t\t\t\tdisplay: block;      }      @media only screen and (max-width : 320px) {      #bwg_container1_1 #bwg_container2_1 .displaying-num_1 {     \t display: none;      }      }      #bwg_container1_1 #bwg_container2_1 .displaying-num_1 {\t\t\t\tfont-size: 12px;\t\t\t\tfont-family: segoe ui;\t\t\t\tfont-weight: bold;\t\t\t\tcolor: #666666;\t\t\t\tmargin-right: 10px;\t\t\t\tvertical-align: middle;      }      #bwg_container1_1 #bwg_container2_1 .paging-input_1 {\t\t\t\tfont-size: 12px;\t\t\t\tfont-family: segoe ui;\t\t\t\tfont-weight: bold;\t\t\t\tcolor: #666666;\t\t\t\tvertical-align: middle;      }      #bwg_container1_1 #bwg_container2_1 .tablenav-pages_1 a.disabled,      #bwg_container1_1 #bwg_container2_1 .tablenav-pages_1 a.disabled:hover,      #bwg_container1_1 #bwg_container2_1 .tablenav-pages_1 a.disabled:focus,\t\t\t#bwg_container1_1 #bwg_container2_1 .tablenav-pages_1 input.bwg_current_page {\t\t\t\tcursor: default;\t\t\t\tcolor: rgba(102, 102, 102, 0.5);      }      #bwg_container1_1 #bwg_container2_1 .tablenav-pages_1 a,      #bwg_container1_1 #bwg_container2_1 .tablenav-pages_1 input.bwg_current_page {\t\t\t\tcursor: pointer;\t\t\t\ttext-align: center;\t\t\t\tfont-size: 12px;\t\t\t\tfont-family: segoe ui;\t\t\t\tfont-weight: bold;\t\t\t\tcolor: #666666;\t\t\t\ttext-decoration: none;\t\t\t\tpadding: 3px 6px;\t\t\t\tmargin: 0;\t\t\t\tborder-radius: 0;\t\t\t\tborder-style: solid;\t\t\t\tborder-width: 1px;\t\t\t\tborder-color: #E3E3E3;\t\t\t\t\t\t\t\tbackground-color: rgba(255, 255, 255, 1.00);\t\t\t\tbox-shadow: 0;\t\t\t\ttransition: all 0.3s ease 0s;-webkit-transition: all 0.3s ease 0s;      }      <\/style>      <span class=\"bwg_nav_cont_1\">              <div class=\"tablenav-pages_1\">                  <\/div>                <input type=\"hidden\" id=\"page_number_1\" name=\"page_number_1\" value=\"1\" \/>      <script type=\"text\/javascript\">        if( jQuery('.bwg_nav_cont_1').length > 1 ) {          jQuery('.bwg_nav_cont_1').first().remove()        }        function spider_page_1(cur, x, y, load_more) {          if (typeof load_more == \"undefined\") {            var load_more = false;          }          if (jQuery(cur).hasClass('disabled')) {            return false;          }          var items_county_1 = 1;          switch (y) {            case 1:              if (x >= items_county_1) {                document.getElementById('page_number_1').value = items_county_1;              }              else {                document.getElementById('page_number_1').value = x + 1;              }              break;            case 2:              document.getElementById('page_number_1').value = items_county_1;              break;            case -1:              if (x == 1) {                document.getElementById('page_number_1').value = 1;              }              else {                document.getElementById('page_number_1').value = x - 1;              }              break;            case -2:              document.getElementById('page_number_1').value = 1;              break;\t\t\t\t\t\tcase 0:              document.getElementById('page_number_1').value = x;              break;            default:              document.getElementById('page_number_1').value = 1;          }          bwg_ajax('gal_front_form_1', '1', 'bwg_thumbnails_1', '0', '', 'gallery', 0, '', '', load_more, '', 1);        }                    jQuery('.first-page-1').on('click', function () {              spider_page_1(this, 1, -2, 'numeric');              return false;            });            jQuery('.prev-page-1').on('click', function () {              spider_page_1(this, 1, -1, 'numeric');              return false;            });            jQuery('.next-page-1').on('click', function () {              spider_page_1(this, 1, 1, 'numeric');              return false;            });            jQuery('.last-page-1').on('click', function () {              spider_page_1(this, 1, 2, 'numeric');              return false;            });        \t\t\t\t\/* Change page on input enter. *\/        function bwg_change_page_1( e, that ) {          if (  e.key == 'Enter' ) {            var to_page = parseInt(jQuery(that).val());            var pages_count = jQuery(that).parents(\".pagination-links\").data(\"pages-count\");            var current_url_param = jQuery(that).attr('data-url-info');            if (to_page > pages_count) {              to_page = 1;            }\t \t\t\t\t\t\t\t\t\t\t\t\tspider_page_1(this, to_page, 0, 'numeric');\t\t\t\t\t\t\treturn false;\t\t\t\t\t\t          }          return true;        }        jQuery('.bwg_load_btn_1').on('click', function () {            spider_page_1(this, 1, 1, true);            return false;        });      <\/script>      <\/span>                <\/div>        <\/form>        <style>          #bwg_container1_1 #bwg_container2_1 #spider_popup_overlay_1 {          background-color: #000000;          opacity: 0.70;          }          <\/style>        <div id=\"bwg_spider_popup_loading_1\" class=\"bwg_spider_popup_loading\"><\/div>        <div id=\"spider_popup_overlay_1\" class=\"spider_popup_overlay\" onclick=\"spider_destroypopup(1000)\"><\/div>        <input type=\"hidden\" id=\"bwg_random_seed_1\" value=\"1146535829\">                <\/div>    <\/div>    <script>      if (document.readyState === 'complete') {        if( typeof bwg_main_ready == 'function' ) {          if ( jQuery(\"#bwg_container1_1\").height() ) {            bwg_main_ready(jQuery(\"#bwg_container1_1\"));          }        }      } else {        document.addEventListener('DOMContentLoaded', function() {          if( typeof bwg_main_ready == 'function' ) {            if ( jQuery(\"#bwg_container1_1\").height() ) {             bwg_main_ready(jQuery(\"#bwg_container1_1\"));            }          }        });      }    <\/script>    <\/p>\n<p>Saint Vitus is the highest peak of the island and offers excellent tourist and excursion destinations. Peak is located an altitude of 348 meters above the sea level where the church was built in honor of the St. Vitus.<br \/>\nFrom the top you can see the majority of the island&#8217;s towns (Pag, Kolan, \u0160imuni, Mandre, Ko\u0161ljun.), you can also see the neighboring islands (Rab, Mali Lo\u0161inj, Silba, Olib, Maun, Lukar &#8230;)<br \/>\nThe peak of St. Vitus can be reached with several marked hiking trails: from Dubrava (Pag) vertical climb to the top (about 45 minutes) or from Kolan gentle climb that takes about an hour. Newly constructed trail from Stari \u0160imuni provides access to the St. Vitus by car.<\/p>\n<p><cite>(Source: <a href=\"http:\/\/www.tzpag.hr\" target=\"_blank\">tzpag.hr<\/a>)<\/cite><\/p>","protected":false},"excerpt":{"rendered":"<p>Saint Vitus is the highest peak of the island and offers excellent tourist and excursion destinations. Peak is located an altitude of 348 meters above the sea level where the church was built in honor of the St. Vitus. From the top you can see the majority of the island&#8217;s towns (Pag, Kolan, \u0160imuni, Mandre, [&hellip;]<\/p>\n","protected":false},"author":1,"featured_media":0,"parent":0,"menu_order":0,"comment_status":"closed","ping_status":"closed","template":"","meta":{"footnotes":""},"_links":{"self":[{"href":"https:\/\/villa-pag.com\/en\/wp-json\/wp\/v2\/pages\/53"}],"collection":[{"href":"https:\/\/villa-pag.com\/en\/wp-json\/wp\/v2\/pages"}],"about":[{"href":"https:\/\/villa-pag.com\/en\/wp-json\/wp\/v2\/types\/page"}],"author":[{"embeddable":true,"href":"https:\/\/villa-pag.com\/en\/wp-json\/wp\/v2\/users\/1"}],"replies":[{"embeddable":true,"href":"https:\/\/villa-pag.com\/en\/wp-json\/wp\/v2\/comments?post=53"}],"version-history":[{"count":8,"href":"https:\/\/villa-pag.com\/en\/wp-json\/wp\/v2\/pages\/53\/revisions"}],"predecessor-version":[{"id":586,"href":"https:\/\/villa-pag.com\/en\/wp-json\/wp\/v2\/pages\/53\/revisions\/586"}],"wp:attachment":[{"href":"https:\/\/villa-pag.com\/en\/wp-json\/wp\/v2\/media?parent=53"}],"curies":[{"name":"wp","href":"https:\/\/api.w.org\/{rel}","templated":true}]}}